{"id":13,"date":"2016-03-01T21:11:24","date_gmt":"2016-03-01T20:11:24","guid":{"rendered":"http:\/\/sjosupernova.pl\/?page_id=13"},"modified":"2022-08-21T19:48:03","modified_gmt":"2022-08-21T17:48:03","slug":"o-nas","status":"publish","type":"page","link":"https:\/\/sjosupernova.pl\/index.php\/o-nas\/","title":{"rendered":"O Nas"},"content":{"rendered":"<p style=\"text-align: justify;\"><img loading=\"lazy\" decoding=\"async\" class=\"wp-image-2125 size-full aligncenter\" src=\"http:\/\/sjosupernova.pl\/wp-content\/uploads\/2020\/08\/Logotyp_Biale-1-2-e1598556487617.png\" alt=\"\" width=\"150\" height=\"86\"><\/p>\n<p>&nbsp;<\/p>\n<table style=\"border-collapse: collapse; width: 100%; height: 379px;\">\n<tbody>\n<tr style=\"height: 96px; text-align: justify;\">\n<td style=\"width: 100%; height: 96px;\">\n<p style=\"text-align: justify;\"><span style=\"font-size: 16px; color: #000000;\"><span style=\"font-family: georgia,serif;\">Studium J\u0119zyk\u00f3w Obcych \u201dSupernova\u201d istnieje od 1998 roku. Jest to prywatna szko\u0142a j\u0119zyk\u00f3w obcych. Siedziba SJO&nbsp;Supernova mie\u015bci si\u0119 w&nbsp;Bydgoszczy. Prowadzimy kursy oraz korepetycje z&nbsp;j\u0119zyka angielskiego i niemieckiego na wszystkich poziomach zaawansowania i dla wszystkich grup wiekowych.<\/span><\/span><\/p>\n<\/td>\n<\/tr>\n<tr style=\"height: 216px;\">\n<td style=\"width: 100%; height: 216px; text-align: justify;\"><span style=\"font-size: 16px; color: #000000;\"><span style=\"font-family: georgia,serif;\">Nasz\u0105 szko\u0142\u0119 cechuje i wyr\u00f3\u017cnia bardzo du\u017ca elastyczno\u015b\u0107 w stosunku do potrzeb klienta oraz indywidualne podej\u015bcie do&nbsp;niego. Naszym celem jest jako\u015b\u0107 a nie ilo\u015b\u0107 i&nbsp;ka\u017cdy klient jest dla nas r\u00f3wnie wa\u017cny. Ca\u0142y czas kierujemy si\u0119 nasz\u0105 filozofia, kt\u00f3ra pozwoli\u0142a nam na&nbsp;osi\u0105ganie dotychczasowych sukces\u00f3w. Opiera si\u0119 ona na siedmiu \u017celaznych zasadach: jeste\u015bmy zaanga\u017cowani w to co robimy, otwarci na potrzeby klienta, profesjonalni, efektywni, kreatywni, energiczni i godni zaufania. Naszym celem nadrz\u0119dnym nie s\u0105 zyski finansowe, ale zyski w postaci zadowolenia klienta. To dla nas najlepszy motor do pracy. Aby oceni\u0107 efektywno\u015b\u0107 naszych wysi\u0142k\u00f3w minimum raz na semestr przeprowadzamy ocen\u0119 kursu przez s\u0142uchaczy badaj\u0105c ich opini\u0119 na temat r\u00f3\u017cnych aspekt\u00f3w pracy szko\u0142y. Lektorzy ucz\u0105cy u nas s\u0105 systematycznie nadzorowani przez dyrekcj\u0119 i metodyka oraz oceniani przez s\u0142uchaczy.<\/span><\/span><\/td>\n<\/tr>\n<tr style=\"height: 19px;\">\n<td style=\"width: 100%; height: 19px; text-align: justify;\"><span style=\"font-size: 16px; color: #000000;\"><span style=\"font-family: georgia,serif;\">W rankingu szk\u00f3\u0142 j\u0119zyka angielskiego przeprowadzonym przez magazyn Newsweek we&nbsp;wrze\u015bniu 2002 roku SJO&nbsp;Supernova zaj\u0119\u0142o 3 miejsce wsr\u00f3d bydgoskich szk\u00f3\u0142, kt\u00f3re&nbsp;zbadano.<\/span><\/span><\/td>\n<\/tr>\n<\/tbody>\n<\/table>\n<p style=\"text-align: justify;\">&nbsp;<\/p>\n<p style=\"text-align: justify;\"><!--more--><\/p>\n<p align=\"justify\">&nbsp;<\/p>\n<p align=\"justify\">&nbsp;<\/p>\n","protected":false},"excerpt":{"rendered":"<p>&nbsp; Studium J\u0119zyk\u00f3w Obcych \u201dSupernova\u201d istnieje od 1998 roku. Jest to prywatna szko\u0142a j\u0119zyk\u00f3w obcych. Siedziba SJO&nbsp;Supernova mie\u015bci si\u0119 w&nbsp;Bydgoszczy. Prowadzimy kursy oraz korepetycje z&nbsp;j\u0119zyka angielskiego i niemieckiego na wszystkich poziomach zaawansowania i dla wszystkich grup wiekowych. Nasz\u0105 szko\u0142\u0119 cechuje i wyr\u00f3\u017cnia bardzo du\u017ca elastyczno\u015b\u0107 w stosunku do potrzeb klienta oraz indywidualne podej\u015bcie do&nbsp;niego. Naszym<\/p>\n<div class=\"more-link\">\n             <a href=\"https:\/\/sjosupernova.pl\/index.php\/o-nas\/\" class=\"theme-btn\"><span>Czytaj dalej <\/span><i class=\"bi bi-arrow-right\"><\/i><\/a>\n        <\/div>\n","protected":false},"author":1,"featured_media":0,"parent":0,"menu_order":0,"comment_status":"closed","ping_status":"closed","template":"","meta":{"ngg_post_thumbnail":0,"footnotes":""},"class_list":["post-13","page","type-page","status-publish","hentry"],"yoast_head":"<!-- This site is optimized with the Yoast SEO plugin v27.4 - https:\/\/yoast.com\/product\/yoast-seo-wordpress\/ -->\n<title>O Nas - SUPERNOVA<\/title>\n<meta name=\"robots\" content=\"index, follow, max-snippet:-1, max-image-preview:large, max-video-preview:-1\" \/>\n<link rel=\"canonical\" href=\"https:\/\/sjosupernova.pl\/index.php\/o-nas\/\" \/>\n<meta property=\"og:locale\" content=\"pl_PL\" \/>\n<meta property=\"og:type\" content=\"article\" \/>\n<meta property=\"og:title\" content=\"O Nas - SUPERNOVA\" \/>\n<meta property=\"og:description\" content=\"&nbsp; Studium J\u0119zyk\u00f3w Obcych \u201dSupernova\u201d istnieje od 1998 roku. Jest to prywatna szko\u0142a j\u0119zyk\u00f3w obcych. Siedziba SJO&nbsp;Supernova mie\u015bci si\u0119 w&nbsp;Bydgoszczy. Prowadzimy kursy oraz korepetycje z&nbsp;j\u0119zyka angielskiego i niemieckiego na wszystkich poziomach zaawansowania i dla wszystkich grup wiekowych. Nasz\u0105 szko\u0142\u0119 cechuje i wyr\u00f3\u017cnia bardzo du\u017ca elastyczno\u015b\u0107 w stosunku do potrzeb klienta oraz indywidualne podej\u015bcie do&nbsp;niego. Naszym        Czytaj dalej\" \/>\n<meta property=\"og:url\" content=\"https:\/\/sjosupernova.pl\/index.php\/o-nas\/\" \/>\n<meta property=\"og:site_name\" content=\"SUPERNOVA\" \/>\n<meta property=\"article:modified_time\" content=\"2022-08-21T17:48:03+00:00\" \/>\n<meta property=\"og:image\" content=\"http:\/\/sjosupernova.pl\/wp-content\/uploads\/2020\/08\/Logotyp_Biale-1-2-e1598556487617.png\" \/>\n<meta name=\"twitter:card\" content=\"summary_large_image\" \/>\n<meta name=\"twitter:label1\" content=\"Szacowany czas czytania\" \/>\n\t<meta name=\"twitter:data1\" content=\"4 minuty\" \/>\n<script type=\"application\/ld+json\" class=\"yoast-schema-graph\">{\"@context\":\"https:\\\/\\\/schema.org\",\"@graph\":[{\"@type\":\"WebPage\",\"@id\":\"https:\\\/\\\/sjosupernova.pl\\\/index.php\\\/o-nas\\\/\",\"url\":\"https:\\\/\\\/sjosupernova.pl\\\/index.php\\\/o-nas\\\/\",\"name\":\"O Nas - SUPERNOVA\",\"isPartOf\":{\"@id\":\"https:\\\/\\\/sjosupernova.pl\\\/#website\"},\"primaryImageOfPage\":{\"@id\":\"https:\\\/\\\/sjosupernova.pl\\\/index.php\\\/o-nas\\\/#primaryimage\"},\"image\":{\"@id\":\"https:\\\/\\\/sjosupernova.pl\\\/index.php\\\/o-nas\\\/#primaryimage\"},\"thumbnailUrl\":\"http:\\\/\\\/sjosupernova.pl\\\/wp-content\\\/uploads\\\/2020\\\/08\\\/Logotyp_Biale-1-2-e1598556487617.png\",\"datePublished\":\"2016-03-01T20:11:24+00:00\",\"dateModified\":\"2022-08-21T17:48:03+00:00\",\"breadcrumb\":{\"@id\":\"https:\\\/\\\/sjosupernova.pl\\\/index.php\\\/o-nas\\\/#breadcrumb\"},\"inLanguage\":\"pl-PL\",\"potentialAction\":[{\"@type\":\"ReadAction\",\"target\":[\"https:\\\/\\\/sjosupernova.pl\\\/index.php\\\/o-nas\\\/\"]}]},{\"@type\":\"ImageObject\",\"inLanguage\":\"pl-PL\",\"@id\":\"https:\\\/\\\/sjosupernova.pl\\\/index.php\\\/o-nas\\\/#primaryimage\",\"url\":\"http:\\\/\\\/sjosupernova.pl\\\/wp-content\\\/uploads\\\/2020\\\/08\\\/Logotyp_Biale-1-2-e1598556487617.png\",\"contentUrl\":\"http:\\\/\\\/sjosupernova.pl\\\/wp-content\\\/uploads\\\/2020\\\/08\\\/Logotyp_Biale-1-2-e1598556487617.png\"},{\"@type\":\"BreadcrumbList\",\"@id\":\"https:\\\/\\\/sjosupernova.pl\\\/index.php\\\/o-nas\\\/#breadcrumb\",\"itemListElement\":[{\"@type\":\"ListItem\",\"position\":1,\"name\":\"Strona g\u0142\u00f3wna\",\"item\":\"https:\\\/\\\/sjosupernova.pl\\\/\"},{\"@type\":\"ListItem\",\"position\":2,\"name\":\"O Nas\"}]},{\"@type\":\"WebSite\",\"@id\":\"https:\\\/\\\/sjosupernova.pl\\\/#website\",\"url\":\"https:\\\/\\\/sjosupernova.pl\\\/\",\"name\":\"SUPERNOVA\",\"description\":\"studium j\u0119zyk\u00f3w obcych\",\"publisher\":{\"@id\":\"https:\\\/\\\/sjosupernova.pl\\\/#organization\"},\"potentialAction\":[{\"@type\":\"SearchAction\",\"target\":{\"@type\":\"EntryPoint\",\"urlTemplate\":\"https:\\\/\\\/sjosupernova.pl\\\/?s={search_term_string}\"},\"query-input\":{\"@type\":\"PropertyValueSpecification\",\"valueRequired\":true,\"valueName\":\"search_term_string\"}}],\"inLanguage\":\"pl-PL\"},{\"@type\":\"Organization\",\"@id\":\"https:\\\/\\\/sjosupernova.pl\\\/#organization\",\"name\":\"SUPERNOVA\",\"url\":\"https:\\\/\\\/sjosupernova.pl\\\/\",\"logo\":{\"@type\":\"ImageObject\",\"inLanguage\":\"pl-PL\",\"@id\":\"https:\\\/\\\/sjosupernova.pl\\\/#\\\/schema\\\/logo\\\/image\\\/\",\"url\":\"https:\\\/\\\/sjosupernova.pl\\\/wp-content\\\/uploads\\\/2020\\\/08\\\/cropped-cropped-cropped-cropped-Logotyp_Biale-1-1-1.png\",\"contentUrl\":\"https:\\\/\\\/sjosupernova.pl\\\/wp-content\\\/uploads\\\/2020\\\/08\\\/cropped-cropped-cropped-cropped-Logotyp_Biale-1-1-1.png\",\"width\":370,\"height\":209,\"caption\":\"SUPERNOVA\"},\"image\":{\"@id\":\"https:\\\/\\\/sjosupernova.pl\\\/#\\\/schema\\\/logo\\\/image\\\/\"}}]}<\/script>\n<!-- \/ Yoast SEO plugin. -->","yoast_head_json":{"title":"O Nas - SUPERNOVA","robots":{"index":"index","follow":"follow","max-snippet":"max-snippet:-1","max-image-preview":"max-image-preview:large","max-video-preview":"max-video-preview:-1"},"canonical":"https:\/\/sjosupernova.pl\/index.php\/o-nas\/","og_locale":"pl_PL","og_type":"article","og_title":"O Nas - SUPERNOVA","og_description":"&nbsp; Studium J\u0119zyk\u00f3w Obcych \u201dSupernova\u201d istnieje od 1998 roku. Jest to prywatna szko\u0142a j\u0119zyk\u00f3w obcych. Siedziba SJO&nbsp;Supernova mie\u015bci si\u0119 w&nbsp;Bydgoszczy. Prowadzimy kursy oraz korepetycje z&nbsp;j\u0119zyka angielskiego i niemieckiego na wszystkich poziomach zaawansowania i dla wszystkich grup wiekowych. Nasz\u0105 szko\u0142\u0119 cechuje i wyr\u00f3\u017cnia bardzo du\u017ca elastyczno\u015b\u0107 w stosunku do potrzeb klienta oraz indywidualne podej\u015bcie do&nbsp;niego. Naszym        Czytaj dalej","og_url":"https:\/\/sjosupernova.pl\/index.php\/o-nas\/","og_site_name":"SUPERNOVA","article_modified_time":"2022-08-21T17:48:03+00:00","og_image":[{"url":"http:\/\/sjosupernova.pl\/wp-content\/uploads\/2020\/08\/Logotyp_Biale-1-2-e1598556487617.png","type":"","width":"","height":""}],"twitter_card":"summary_large_image","twitter_misc":{"Szacowany czas czytania":"4 minuty"},"schema":{"@context":"https:\/\/schema.org","@graph":[{"@type":"WebPage","@id":"https:\/\/sjosupernova.pl\/index.php\/o-nas\/","url":"https:\/\/sjosupernova.pl\/index.php\/o-nas\/","name":"O Nas - SUPERNOVA","isPartOf":{"@id":"https:\/\/sjosupernova.pl\/#website"},"primaryImageOfPage":{"@id":"https:\/\/sjosupernova.pl\/index.php\/o-nas\/#primaryimage"},"image":{"@id":"https:\/\/sjosupernova.pl\/index.php\/o-nas\/#primaryimage"},"thumbnailUrl":"http:\/\/sjosupernova.pl\/wp-content\/uploads\/2020\/08\/Logotyp_Biale-1-2-e1598556487617.png","datePublished":"2016-03-01T20:11:24+00:00","dateModified":"2022-08-21T17:48:03+00:00","breadcrumb":{"@id":"https:\/\/sjosupernova.pl\/index.php\/o-nas\/#breadcrumb"},"inLanguage":"pl-PL","potentialAction":[{"@type":"ReadAction","target":["https:\/\/sjosupernova.pl\/index.php\/o-nas\/"]}]},{"@type":"ImageObject","inLanguage":"pl-PL","@id":"https:\/\/sjosupernova.pl\/index.php\/o-nas\/#primaryimage","url":"http:\/\/sjosupernova.pl\/wp-content\/uploads\/2020\/08\/Logotyp_Biale-1-2-e1598556487617.png","contentUrl":"http:\/\/sjosupernova.pl\/wp-content\/uploads\/2020\/08\/Logotyp_Biale-1-2-e1598556487617.png"},{"@type":"BreadcrumbList","@id":"https:\/\/sjosupernova.pl\/index.php\/o-nas\/#breadcrumb","itemListElement":[{"@type":"ListItem","position":1,"name":"Strona g\u0142\u00f3wna","item":"https:\/\/sjosupernova.pl\/"},{"@type":"ListItem","position":2,"name":"O Nas"}]},{"@type":"WebSite","@id":"https:\/\/sjosupernova.pl\/#website","url":"https:\/\/sjosupernova.pl\/","name":"SUPERNOVA","description":"studium j\u0119zyk\u00f3w obcych","publisher":{"@id":"https:\/\/sjosupernova.pl\/#organization"},"potentialAction":[{"@type":"SearchAction","target":{"@type":"EntryPoint","urlTemplate":"https:\/\/sjosupernova.pl\/?s={search_term_string}"},"query-input":{"@type":"PropertyValueSpecification","valueRequired":true,"valueName":"search_term_string"}}],"inLanguage":"pl-PL"},{"@type":"Organization","@id":"https:\/\/sjosupernova.pl\/#organization","name":"SUPERNOVA","url":"https:\/\/sjosupernova.pl\/","logo":{"@type":"ImageObject","inLanguage":"pl-PL","@id":"https:\/\/sjosupernova.pl\/#\/schema\/logo\/image\/","url":"https:\/\/sjosupernova.pl\/wp-content\/uploads\/2020\/08\/cropped-cropped-cropped-cropped-Logotyp_Biale-1-1-1.png","contentUrl":"https:\/\/sjosupernova.pl\/wp-content\/uploads\/2020\/08\/cropped-cropped-cropped-cropped-Logotyp_Biale-1-1-1.png","width":370,"height":209,"caption":"SUPERNOVA"},"image":{"@id":"https:\/\/sjosupernova.pl\/#\/schema\/logo\/image\/"}}]}},"_links":{"self":[{"href":"https:\/\/sjosupernova.pl\/index.php\/wp-json\/wp\/v2\/pages\/13","targetHints":{"allow":["GET"]}}],"collection":[{"href":"https:\/\/sjosupernova.pl\/index.php\/wp-json\/wp\/v2\/pages"}],"about":[{"href":"https:\/\/sjosupernova.pl\/index.php\/wp-json\/wp\/v2\/types\/page"}],"author":[{"embeddable":true,"href":"https:\/\/sjosupernova.pl\/index.php\/wp-json\/wp\/v2\/users\/1"}],"replies":[{"embeddable":true,"href":"https:\/\/sjosupernova.pl\/index.php\/wp-json\/wp\/v2\/comments?post=13"}],"version-history":[{"count":0,"href":"https:\/\/sjosupernova.pl\/index.php\/wp-json\/wp\/v2\/pages\/13\/revisions"}],"wp:attachment":[{"href":"https:\/\/sjosupernova.pl\/index.php\/wp-json\/wp\/v2\/media?parent=13"}],"curies":[{"name":"wp","href":"https:\/\/api.w.org\/{rel}","templated":true}]}}