{"id":1511,"date":"2016-07-28T20:35:12","date_gmt":"2016-07-28T18:35:12","guid":{"rendered":"http:\/\/sjosupernova.pl\/?page_id=1511"},"modified":"2023-08-18T20:06:46","modified_gmt":"2023-08-18T18:06:46","slug":"pracuj-u-nas","status":"publish","type":"page","link":"https:\/\/sjosupernova.pl\/index.php\/o-nas\/pracuj-u-nas\/","title":{"rendered":"Pracuj u Nas"},"content":{"rendered":"<p><img loading=\"lazy\" decoding=\"async\" class=\"aligncenter wp-image-2125 size-full\" src=\"http:\/\/sjosupernova.pl\/wp-content\/uploads\/2020\/08\/Logotyp_Biale-1-2-e1598556487617.png\" alt=\"\" width=\"150\" height=\"86\"><\/p>\n<p>&nbsp;<\/p>\n<table style=\"border-collapse: collapse; width: 100%;\">\n<tbody>\n<tr>\n<td style=\"width: 100%;\">\n<p style=\"text-align: justify;\"><strong><span style=\"font-size: 16px; color: #000000;\"><span style=\"font-family: georgia,serif;\">Zatrudnimy lektor\u00f3w!<\/span><\/span><\/strong><\/p>\n<p style=\"text-align: justify;\"><span style=\"font-size: 16px; color: #000000;\"><span style=\"font-family: georgia,serif;\">Spe\u0142niasz nasze kryteria, je\u015bli:<\/span><\/span><\/p>\n<p style=\"text-align: justify;\"><span style=\"font-size: 16px; color: #000000;\"><span style=\"font-family: georgia,serif;\">&#8211; Posiadasz wykszta\u0142cenie wy\u017csze kierunkowe.<\/span><\/span><\/p>\n<p style=\"text-align: justify;\"><span style=\"font-size: 16px; color: #000000;\"><span style=\"font-family: georgia,serif;\">&#8211; Uczenie jest twoj\u0105 pasj\u0105 i masz minimum kilkuletnie do\u015bwiadczenie zawodowe oraz chcesz uczy\u0107 w przysz\u0142o\u015bci.<\/span><\/span><\/p>\n<p style=\"text-align: justify;\"><span style=\"font-size: 16px; color: #000000;\"><span style=\"font-family: georgia,serif;\">&#8211; Jeste\u015b osob\u0105 kreatywn\u0105, energiczn\u0105, godn\u0105 zaufania, pracowit\u0105, profesjonaln\u0105, efektywn\u0105 w swojej pracy, zaanga\u017cowan\u0105, elastyczn\u0105, punktualn\u0105, otwart\u0105 na innych i zawsze u\u015bmiechni\u0119t\u0105.<\/span><\/span><\/p>\n<p style=\"text-align: justify;\"><span style=\"font-size: 16px; color: #000000;\"><span style=\"font-family: georgia,serif;\">&#8211; Umiesz pracowa\u0107 zar\u00f3wno z grup\u0105 jak i jeden na jeden oraz masz do\u015bwiadczenie lub ch\u0119ci zdobycia go w uczeniu r\u00f3\u017cnych grup wiekowych i r\u00f3\u017cnych poziom\u00f3w zaawansowania.<\/span><\/span><\/p>\n<p style=\"text-align: justify;\"><span style=\"font-size: 16px; color: #000000;\"><span style=\"font-family: georgia,serif;\">&#8211; Wiesz jak motywowa\u0107 i wymaga\u0107.<\/span><\/span><\/p>\n<\/td>\n<\/tr>\n<tr>\n<td style=\"width: 100%;\">\n<p style=\"text-align: justify;\"><strong><span style=\"font-size: 16px; color: #000000;\"><span style=\"font-family: georgia,serif;\">Oferujemy:<\/span><\/span><\/strong><\/p>\n<p style=\"text-align: justify;\"><span style=\"font-size: 16px; color: #000000;\"><span style=\"font-family: georgia,serif;\">&#8211; Przejrzyst\u0105 i przyjazn\u0105 umow\u0119 oraz terminowe wyp\u0142acanie wynagrodze\u0144<\/span><\/span><\/p>\n<p style=\"text-align: justify;\"><span style=\"font-size: 16px; color: #000000;\"><span style=\"font-family: georgia,serif;\">&#8211; Prac\u0119 w przyjemnej i bezstresowej atmosferze.<\/span><\/span><\/p>\n<p style=\"text-align: justify;\"><span style=\"font-size: 16px; color: #000000;\"><span style=\"font-family: georgia,serif;\">&#8211; Wysoki komfort pracy ( prowadzenie zaj\u0119\u0107 indywidualnych lub w grupach od 2 do 4 os\u00f3b).<\/span><\/span><\/p>\n<p style=\"text-align: justify;\"><span style=\"font-size: 16px; color: #000000;\"><span style=\"font-family: georgia,serif;\">&#8211; Mo\u017cliwo\u015b\u0107 rozwoju zawodowego.<\/span><\/span><\/p>\n<p style=\"text-align: justify;\"><span style=\"font-size: 16px; color: #000000;\"><span style=\"font-family: georgia,serif;\">&#8211; Elastyczny czas pracy.<\/span><\/span><\/p>\n<p style=\"text-align: justify;\"><span style=\"font-size: 16px; color: #000000;\"><span style=\"font-family: georgia,serif;\">&#8211; Opiek\u0119 metodyczn\u0105 , materia\u0142y dydaktyczne oraz sprz\u0119t potrzebny do komfortowej i efektywnej pracy.<br \/>\nOsoby zainteresowane prosimy o przes\u0142anie mailem CV oraz listu motywacyjnego.<\/span><\/span><\/p>\n<\/td>\n<\/tr>\n<\/tbody>\n<\/table>\n<p style=\"text-align: justify;\">&nbsp;<\/p>\n<p style=\"text-align: justify;\">&nbsp;<\/p>\n","protected":false},"excerpt":{"rendered":"<p>&nbsp; Zatrudnimy lektor\u00f3w! Spe\u0142niasz nasze kryteria, je\u015bli: &#8211; Posiadasz wykszta\u0142cenie wy\u017csze kierunkowe. &#8211; Uczenie jest twoj\u0105 pasj\u0105 i masz minimum kilkuletnie do\u015bwiadczenie zawodowe oraz chcesz uczy\u0107 w przysz\u0142o\u015bci. &#8211; Jeste\u015b osob\u0105 kreatywn\u0105, energiczn\u0105, godn\u0105 zaufania, pracowit\u0105, profesjonaln\u0105, efektywn\u0105 w swojej pracy, zaanga\u017cowan\u0105, elastyczn\u0105, punktualn\u0105, otwart\u0105 na innych i zawsze u\u015bmiechni\u0119t\u0105. &#8211; Umiesz pracowa\u0107 zar\u00f3wno z<\/p>\n<div class=\"more-link\">\n             <a href=\"https:\/\/sjosupernova.pl\/index.php\/o-nas\/pracuj-u-nas\/\" class=\"theme-btn\"><span>Czytaj dalej <\/span><i class=\"bi bi-arrow-right\"><\/i><\/a>\n        <\/div>\n","protected":false},"author":1,"featured_media":0,"parent":13,"menu_order":0,"comment_status":"closed","ping_status":"closed","template":"","meta":{"ngg_post_thumbnail":0,"footnotes":""},"class_list":["post-1511","page","type-page","status-publish","hentry"],"yoast_head":"<!-- This site is optimized with the Yoast SEO plugin v27.4 - https:\/\/yoast.com\/product\/yoast-seo-wordpress\/ -->\n<title>Pracuj u Nas - SUPERNOVA<\/title>\n<meta name=\"robots\" content=\"index, follow, max-snippet:-1, max-image-preview:large, max-video-preview:-1\" \/>\n<link rel=\"canonical\" href=\"https:\/\/sjosupernova.pl\/index.php\/o-nas\/pracuj-u-nas\/\" \/>\n<meta property=\"og:locale\" content=\"pl_PL\" \/>\n<meta property=\"og:type\" content=\"article\" \/>\n<meta property=\"og:title\" content=\"Pracuj u Nas - SUPERNOVA\" \/>\n<meta property=\"og:description\" content=\"&nbsp; Zatrudnimy lektor\u00f3w! Spe\u0142niasz nasze kryteria, je\u015bli: &#8211; Posiadasz wykszta\u0142cenie wy\u017csze kierunkowe. &#8211; Uczenie jest twoj\u0105 pasj\u0105 i masz minimum kilkuletnie do\u015bwiadczenie zawodowe oraz chcesz uczy\u0107 w przysz\u0142o\u015bci. &#8211; Jeste\u015b osob\u0105 kreatywn\u0105, energiczn\u0105, godn\u0105 zaufania, pracowit\u0105, profesjonaln\u0105, efektywn\u0105 w swojej pracy, zaanga\u017cowan\u0105, elastyczn\u0105, punktualn\u0105, otwart\u0105 na innych i zawsze u\u015bmiechni\u0119t\u0105. &#8211; Umiesz pracowa\u0107 zar\u00f3wno z        Czytaj dalej\" \/>\n<meta property=\"og:url\" content=\"https:\/\/sjosupernova.pl\/index.php\/o-nas\/pracuj-u-nas\/\" \/>\n<meta property=\"og:site_name\" content=\"SUPERNOVA\" \/>\n<meta property=\"article:modified_time\" content=\"2023-08-18T18:06:46+00:00\" \/>\n<meta property=\"og:image\" content=\"http:\/\/sjosupernova.pl\/wp-content\/uploads\/2020\/08\/Logotyp_Biale-1-2-e1598556487617.png\" \/>\n<meta name=\"twitter:card\" content=\"summary_large_image\" \/>\n<meta name=\"twitter:label1\" content=\"Szacowany czas czytania\" \/>\n\t<meta name=\"twitter:data1\" content=\"2 minuty\" \/>\n<script type=\"application\/ld+json\" class=\"yoast-schema-graph\">{\"@context\":\"https:\\\/\\\/schema.org\",\"@graph\":[{\"@type\":\"WebPage\",\"@id\":\"https:\\\/\\\/sjosupernova.pl\\\/index.php\\\/o-nas\\\/pracuj-u-nas\\\/\",\"url\":\"https:\\\/\\\/sjosupernova.pl\\\/index.php\\\/o-nas\\\/pracuj-u-nas\\\/\",\"name\":\"Pracuj u Nas - SUPERNOVA\",\"isPartOf\":{\"@id\":\"https:\\\/\\\/sjosupernova.pl\\\/#website\"},\"primaryImageOfPage\":{\"@id\":\"https:\\\/\\\/sjosupernova.pl\\\/index.php\\\/o-nas\\\/pracuj-u-nas\\\/#primaryimage\"},\"image\":{\"@id\":\"https:\\\/\\\/sjosupernova.pl\\\/index.php\\\/o-nas\\\/pracuj-u-nas\\\/#primaryimage\"},\"thumbnailUrl\":\"http:\\\/\\\/sjosupernova.pl\\\/wp-content\\\/uploads\\\/2020\\\/08\\\/Logotyp_Biale-1-2-e1598556487617.png\",\"datePublished\":\"2016-07-28T18:35:12+00:00\",\"dateModified\":\"2023-08-18T18:06:46+00:00\",\"breadcrumb\":{\"@id\":\"https:\\\/\\\/sjosupernova.pl\\\/index.php\\\/o-nas\\\/pracuj-u-nas\\\/#breadcrumb\"},\"inLanguage\":\"pl-PL\",\"potentialAction\":[{\"@type\":\"ReadAction\",\"target\":[\"https:\\\/\\\/sjosupernova.pl\\\/index.php\\\/o-nas\\\/pracuj-u-nas\\\/\"]}]},{\"@type\":\"ImageObject\",\"inLanguage\":\"pl-PL\",\"@id\":\"https:\\\/\\\/sjosupernova.pl\\\/index.php\\\/o-nas\\\/pracuj-u-nas\\\/#primaryimage\",\"url\":\"http:\\\/\\\/sjosupernova.pl\\\/wp-content\\\/uploads\\\/2020\\\/08\\\/Logotyp_Biale-1-2-e1598556487617.png\",\"contentUrl\":\"http:\\\/\\\/sjosupernova.pl\\\/wp-content\\\/uploads\\\/2020\\\/08\\\/Logotyp_Biale-1-2-e1598556487617.png\"},{\"@type\":\"BreadcrumbList\",\"@id\":\"https:\\\/\\\/sjosupernova.pl\\\/index.php\\\/o-nas\\\/pracuj-u-nas\\\/#breadcrumb\",\"itemListElement\":[{\"@type\":\"ListItem\",\"position\":1,\"name\":\"Strona g\u0142\u00f3wna\",\"item\":\"https:\\\/\\\/sjosupernova.pl\\\/\"},{\"@type\":\"ListItem\",\"position\":2,\"name\":\"O Nas\",\"item\":\"https:\\\/\\\/sjosupernova.pl\\\/index.php\\\/o-nas\\\/\"},{\"@type\":\"ListItem\",\"position\":3,\"name\":\"Pracuj u Nas\"}]},{\"@type\":\"WebSite\",\"@id\":\"https:\\\/\\\/sjosupernova.pl\\\/#website\",\"url\":\"https:\\\/\\\/sjosupernova.pl\\\/\",\"name\":\"SUPERNOVA\",\"description\":\"studium j\u0119zyk\u00f3w obcych\",\"publisher\":{\"@id\":\"https:\\\/\\\/sjosupernova.pl\\\/#organization\"},\"potentialAction\":[{\"@type\":\"SearchAction\",\"target\":{\"@type\":\"EntryPoint\",\"urlTemplate\":\"https:\\\/\\\/sjosupernova.pl\\\/?s={search_term_string}\"},\"query-input\":{\"@type\":\"PropertyValueSpecification\",\"valueRequired\":true,\"valueName\":\"search_term_string\"}}],\"inLanguage\":\"pl-PL\"},{\"@type\":\"Organization\",\"@id\":\"https:\\\/\\\/sjosupernova.pl\\\/#organization\",\"name\":\"SUPERNOVA\",\"url\":\"https:\\\/\\\/sjosupernova.pl\\\/\",\"logo\":{\"@type\":\"ImageObject\",\"inLanguage\":\"pl-PL\",\"@id\":\"https:\\\/\\\/sjosupernova.pl\\\/#\\\/schema\\\/logo\\\/image\\\/\",\"url\":\"https:\\\/\\\/sjosupernova.pl\\\/wp-content\\\/uploads\\\/2020\\\/08\\\/cropped-cropped-cropped-cropped-Logotyp_Biale-1-1-1.png\",\"contentUrl\":\"https:\\\/\\\/sjosupernova.pl\\\/wp-content\\\/uploads\\\/2020\\\/08\\\/cropped-cropped-cropped-cropped-Logotyp_Biale-1-1-1.png\",\"width\":370,\"height\":209,\"caption\":\"SUPERNOVA\"},\"image\":{\"@id\":\"https:\\\/\\\/sjosupernova.pl\\\/#\\\/schema\\\/logo\\\/image\\\/\"}}]}<\/script>\n<!-- \/ Yoast SEO plugin. -->","yoast_head_json":{"title":"Pracuj u Nas - SUPERNOVA","robots":{"index":"index","follow":"follow","max-snippet":"max-snippet:-1","max-image-preview":"max-image-preview:large","max-video-preview":"max-video-preview:-1"},"canonical":"https:\/\/sjosupernova.pl\/index.php\/o-nas\/pracuj-u-nas\/","og_locale":"pl_PL","og_type":"article","og_title":"Pracuj u Nas - SUPERNOVA","og_description":"&nbsp; Zatrudnimy lektor\u00f3w! Spe\u0142niasz nasze kryteria, je\u015bli: &#8211; Posiadasz wykszta\u0142cenie wy\u017csze kierunkowe. &#8211; Uczenie jest twoj\u0105 pasj\u0105 i masz minimum kilkuletnie do\u015bwiadczenie zawodowe oraz chcesz uczy\u0107 w przysz\u0142o\u015bci. &#8211; Jeste\u015b osob\u0105 kreatywn\u0105, energiczn\u0105, godn\u0105 zaufania, pracowit\u0105, profesjonaln\u0105, efektywn\u0105 w swojej pracy, zaanga\u017cowan\u0105, elastyczn\u0105, punktualn\u0105, otwart\u0105 na innych i zawsze u\u015bmiechni\u0119t\u0105. &#8211; Umiesz pracowa\u0107 zar\u00f3wno z        Czytaj dalej","og_url":"https:\/\/sjosupernova.pl\/index.php\/o-nas\/pracuj-u-nas\/","og_site_name":"SUPERNOVA","article_modified_time":"2023-08-18T18:06:46+00:00","og_image":[{"url":"http:\/\/sjosupernova.pl\/wp-content\/uploads\/2020\/08\/Logotyp_Biale-1-2-e1598556487617.png","type":"","width":"","height":""}],"twitter_card":"summary_large_image","twitter_misc":{"Szacowany czas czytania":"2 minuty"},"schema":{"@context":"https:\/\/schema.org","@graph":[{"@type":"WebPage","@id":"https:\/\/sjosupernova.pl\/index.php\/o-nas\/pracuj-u-nas\/","url":"https:\/\/sjosupernova.pl\/index.php\/o-nas\/pracuj-u-nas\/","name":"Pracuj u Nas - SUPERNOVA","isPartOf":{"@id":"https:\/\/sjosupernova.pl\/#website"},"primaryImageOfPage":{"@id":"https:\/\/sjosupernova.pl\/index.php\/o-nas\/pracuj-u-nas\/#primaryimage"},"image":{"@id":"https:\/\/sjosupernova.pl\/index.php\/o-nas\/pracuj-u-nas\/#primaryimage"},"thumbnailUrl":"http:\/\/sjosupernova.pl\/wp-content\/uploads\/2020\/08\/Logotyp_Biale-1-2-e1598556487617.png","datePublished":"2016-07-28T18:35:12+00:00","dateModified":"2023-08-18T18:06:46+00:00","breadcrumb":{"@id":"https:\/\/sjosupernova.pl\/index.php\/o-nas\/pracuj-u-nas\/#breadcrumb"},"inLanguage":"pl-PL","potentialAction":[{"@type":"ReadAction","target":["https:\/\/sjosupernova.pl\/index.php\/o-nas\/pracuj-u-nas\/"]}]},{"@type":"ImageObject","inLanguage":"pl-PL","@id":"https:\/\/sjosupernova.pl\/index.php\/o-nas\/pracuj-u-nas\/#primaryimage","url":"http:\/\/sjosupernova.pl\/wp-content\/uploads\/2020\/08\/Logotyp_Biale-1-2-e1598556487617.png","contentUrl":"http:\/\/sjosupernova.pl\/wp-content\/uploads\/2020\/08\/Logotyp_Biale-1-2-e1598556487617.png"},{"@type":"BreadcrumbList","@id":"https:\/\/sjosupernova.pl\/index.php\/o-nas\/pracuj-u-nas\/#breadcrumb","itemListElement":[{"@type":"ListItem","position":1,"name":"Strona g\u0142\u00f3wna","item":"https:\/\/sjosupernova.pl\/"},{"@type":"ListItem","position":2,"name":"O Nas","item":"https:\/\/sjosupernova.pl\/index.php\/o-nas\/"},{"@type":"ListItem","position":3,"name":"Pracuj u Nas"}]},{"@type":"WebSite","@id":"https:\/\/sjosupernova.pl\/#website","url":"https:\/\/sjosupernova.pl\/","name":"SUPERNOVA","description":"studium j\u0119zyk\u00f3w obcych","publisher":{"@id":"https:\/\/sjosupernova.pl\/#organization"},"potentialAction":[{"@type":"SearchAction","target":{"@type":"EntryPoint","urlTemplate":"https:\/\/sjosupernova.pl\/?s={search_term_string}"},"query-input":{"@type":"PropertyValueSpecification","valueRequired":true,"valueName":"search_term_string"}}],"inLanguage":"pl-PL"},{"@type":"Organization","@id":"https:\/\/sjosupernova.pl\/#organization","name":"SUPERNOVA","url":"https:\/\/sjosupernova.pl\/","logo":{"@type":"ImageObject","inLanguage":"pl-PL","@id":"https:\/\/sjosupernova.pl\/#\/schema\/logo\/image\/","url":"https:\/\/sjosupernova.pl\/wp-content\/uploads\/2020\/08\/cropped-cropped-cropped-cropped-Logotyp_Biale-1-1-1.png","contentUrl":"https:\/\/sjosupernova.pl\/wp-content\/uploads\/2020\/08\/cropped-cropped-cropped-cropped-Logotyp_Biale-1-1-1.png","width":370,"height":209,"caption":"SUPERNOVA"},"image":{"@id":"https:\/\/sjosupernova.pl\/#\/schema\/logo\/image\/"}}]}},"_links":{"self":[{"href":"https:\/\/sjosupernova.pl\/index.php\/wp-json\/wp\/v2\/pages\/1511","targetHints":{"allow":["GET"]}}],"collection":[{"href":"https:\/\/sjosupernova.pl\/index.php\/wp-json\/wp\/v2\/pages"}],"about":[{"href":"https:\/\/sjosupernova.pl\/index.php\/wp-json\/wp\/v2\/types\/page"}],"author":[{"embeddable":true,"href":"https:\/\/sjosupernova.pl\/index.php\/wp-json\/wp\/v2\/users\/1"}],"replies":[{"embeddable":true,"href":"https:\/\/sjosupernova.pl\/index.php\/wp-json\/wp\/v2\/comments?post=1511"}],"version-history":[{"count":0,"href":"https:\/\/sjosupernova.pl\/index.php\/wp-json\/wp\/v2\/pages\/1511\/revisions"}],"up":[{"embeddable":true,"href":"https:\/\/sjosupernova.pl\/index.php\/wp-json\/wp\/v2\/pages\/13"}],"wp:attachment":[{"href":"https:\/\/sjosupernova.pl\/index.php\/wp-json\/wp\/v2\/media?parent=1511"}],"curies":[{"name":"wp","href":"https:\/\/api.w.org\/{rel}","templated":true}]}}