{"id":17,"date":"2016-03-01T21:13:22","date_gmt":"2016-03-01T20:13:22","guid":{"rendered":"http:\/\/sjosupernova.pl\/?page_id=17"},"modified":"2023-08-20T21:51:45","modified_gmt":"2023-08-20T19:51:45","slug":"organizacja-zajec","status":"publish","type":"page","link":"https:\/\/sjosupernova.pl\/index.php\/organizacja-zajec\/","title":{"rendered":"Organizacja Zaj\u0119\u0107"},"content":{"rendered":"<p><img loading=\"lazy\" decoding=\"async\" class=\"aligncenter wp-image-2125 size-full\" src=\"http:\/\/sjosupernova.pl\/wp-content\/uploads\/2020\/08\/Logotyp_Biale-1-2-e1598556487617.png\" alt=\"\" width=\"150\" height=\"86\"><\/p>\n<p>&nbsp;<\/p>\n<table style=\"border-collapse: collapse; width: 100%;\">\n<tbody>\n<tr>\n<td style=\"width: 100%; text-align: justify;\"><span style=\"font-size: 16px; color: #000000;\"><span style=\"font-family: georgia,serif;\">To Ty wybierasz w jakie dni (od poniedzia\u0142ku do pi\u0105tku),w jakich godzinach (od godzin rannych do wieczornych), ile razy w tygodniu (1 lub 2), ile godzin w tygodniu (od 30 min. wzwy\u017c) oraz w jak licznym gronie os\u00f3b (indywidualnie lub w grupie 2, 3 lub 4-osobowej) chcesz si\u0119 uczy\u0107. Uk\u0142adaj\u0105c nasz grafik bierzemy pod uwag\u0119 Twoje preferencje i staramy si\u0119 dopasowa\u0107 je tak, aby Twoja nauka w naszej szkole by\u0142a dla Ciebie jak najbardziej komfortowa i efektywna. Standardowy kurs trwa od wrze\u015bnia lub od pa\u017adziernika do czerwca. Mo\u017cesz zapisa\u0107 si\u0119 r\u00f3wnie\u017c w ci\u0105gu roku szkolnego. Wtedy jednak wyb\u00f3r mo\u017cliwych opcji, a szczeg\u00f3lnie termin\u00f3w zaj\u0119\u0107, jest du\u017co bardziej ograniczony ni\u017c na pocz\u0105tku roku szkolnego. Je\u015bli chcesz zagwarantowa\u0107 sobie mo\u017cliwo\u015b\u0107 nauki u nas&nbsp; zach\u0119camy do zapisu i rezerwacji miejsca ju\u017c w czerwcu, a najp\u00f3\u017aniej do ko\u0144ca sierpnia lub ewentualnie do pierwszej po\u0142owy wrze\u015bnia.<\/span><\/span><\/td>\n<\/tr>\n<\/tbody>\n<\/table>\n<p style=\"text-align: justify;\">&nbsp;<\/p>\n<p style=\"text-align: justify;\">&nbsp;<\/p>\n","protected":false},"excerpt":{"rendered":"<p>&nbsp; To Ty wybierasz w jakie dni (od poniedzia\u0142ku do pi\u0105tku),w jakich godzinach (od godzin rannych do wieczornych), ile razy w tygodniu (1 lub 2), ile godzin w tygodniu (od 30 min. wzwy\u017c) oraz w jak licznym gronie os\u00f3b (indywidualnie lub w grupie 2, 3 lub 4-osobowej) chcesz si\u0119 uczy\u0107. Uk\u0142adaj\u0105c nasz grafik bierzemy pod<\/p>\n<div class=\"more-link\">\n             <a href=\"https:\/\/sjosupernova.pl\/index.php\/organizacja-zajec\/\" class=\"theme-btn\"><span>Czytaj dalej <\/span><i class=\"bi bi-arrow-right\"><\/i><\/a>\n        <\/div>\n","protected":false},"author":1,"featured_media":0,"parent":0,"menu_order":0,"comment_status":"closed","ping_status":"closed","template":"","meta":{"ngg_post_thumbnail":0,"footnotes":""},"class_list":["post-17","page","type-page","status-publish","hentry"],"yoast_head":"<!-- This site is optimized with the Yoast SEO plugin v27.4 - https:\/\/yoast.com\/product\/yoast-seo-wordpress\/ -->\n<title>Organizacja Zaj\u0119\u0107 - SUPERNOVA<\/title>\n<meta name=\"robots\" content=\"index, follow, max-snippet:-1, max-image-preview:large, max-video-preview:-1\" \/>\n<link rel=\"canonical\" href=\"https:\/\/sjosupernova.pl\/index.php\/organizacja-zajec\/\" \/>\n<meta property=\"og:locale\" content=\"pl_PL\" \/>\n<meta property=\"og:type\" content=\"article\" \/>\n<meta property=\"og:title\" content=\"Organizacja Zaj\u0119\u0107 - SUPERNOVA\" \/>\n<meta property=\"og:description\" content=\"&nbsp; To Ty wybierasz w jakie dni (od poniedzia\u0142ku do pi\u0105tku),w jakich godzinach (od godzin rannych do wieczornych), ile razy w tygodniu (1 lub 2), ile godzin w tygodniu (od 30 min. wzwy\u017c) oraz w jak licznym gronie os\u00f3b (indywidualnie lub w grupie 2, 3 lub 4-osobowej) chcesz si\u0119 uczy\u0107. Uk\u0142adaj\u0105c nasz grafik bierzemy pod        Czytaj dalej\" \/>\n<meta property=\"og:url\" content=\"https:\/\/sjosupernova.pl\/index.php\/organizacja-zajec\/\" \/>\n<meta property=\"og:site_name\" content=\"SUPERNOVA\" \/>\n<meta property=\"article:modified_time\" content=\"2023-08-20T19:51:45+00:00\" \/>\n<meta property=\"og:image\" content=\"http:\/\/sjosupernova.pl\/wp-content\/uploads\/2020\/08\/Logotyp_Biale-1-2-e1598556487617.png\" \/>\n<meta name=\"twitter:card\" content=\"summary_large_image\" \/>\n<meta name=\"twitter:label1\" content=\"Szacowany czas czytania\" \/>\n\t<meta name=\"twitter:data1\" content=\"2 minuty\" \/>\n<script type=\"application\/ld+json\" class=\"yoast-schema-graph\">{\"@context\":\"https:\\\/\\\/schema.org\",\"@graph\":[{\"@type\":\"WebPage\",\"@id\":\"https:\\\/\\\/sjosupernova.pl\\\/index.php\\\/organizacja-zajec\\\/\",\"url\":\"https:\\\/\\\/sjosupernova.pl\\\/index.php\\\/organizacja-zajec\\\/\",\"name\":\"Organizacja Zaj\u0119\u0107 - SUPERNOVA\",\"isPartOf\":{\"@id\":\"https:\\\/\\\/sjosupernova.pl\\\/#website\"},\"primaryImageOfPage\":{\"@id\":\"https:\\\/\\\/sjosupernova.pl\\\/index.php\\\/organizacja-zajec\\\/#primaryimage\"},\"image\":{\"@id\":\"https:\\\/\\\/sjosupernova.pl\\\/index.php\\\/organizacja-zajec\\\/#primaryimage\"},\"thumbnailUrl\":\"http:\\\/\\\/sjosupernova.pl\\\/wp-content\\\/uploads\\\/2020\\\/08\\\/Logotyp_Biale-1-2-e1598556487617.png\",\"datePublished\":\"2016-03-01T20:13:22+00:00\",\"dateModified\":\"2023-08-20T19:51:45+00:00\",\"breadcrumb\":{\"@id\":\"https:\\\/\\\/sjosupernova.pl\\\/index.php\\\/organizacja-zajec\\\/#breadcrumb\"},\"inLanguage\":\"pl-PL\",\"potentialAction\":[{\"@type\":\"ReadAction\",\"target\":[\"https:\\\/\\\/sjosupernova.pl\\\/index.php\\\/organizacja-zajec\\\/\"]}]},{\"@type\":\"ImageObject\",\"inLanguage\":\"pl-PL\",\"@id\":\"https:\\\/\\\/sjosupernova.pl\\\/index.php\\\/organizacja-zajec\\\/#primaryimage\",\"url\":\"http:\\\/\\\/sjosupernova.pl\\\/wp-content\\\/uploads\\\/2020\\\/08\\\/Logotyp_Biale-1-2-e1598556487617.png\",\"contentUrl\":\"http:\\\/\\\/sjosupernova.pl\\\/wp-content\\\/uploads\\\/2020\\\/08\\\/Logotyp_Biale-1-2-e1598556487617.png\"},{\"@type\":\"BreadcrumbList\",\"@id\":\"https:\\\/\\\/sjosupernova.pl\\\/index.php\\\/organizacja-zajec\\\/#breadcrumb\",\"itemListElement\":[{\"@type\":\"ListItem\",\"position\":1,\"name\":\"Strona g\u0142\u00f3wna\",\"item\":\"https:\\\/\\\/sjosupernova.pl\\\/\"},{\"@type\":\"ListItem\",\"position\":2,\"name\":\"Organizacja Zaj\u0119\u0107\"}]},{\"@type\":\"WebSite\",\"@id\":\"https:\\\/\\\/sjosupernova.pl\\\/#website\",\"url\":\"https:\\\/\\\/sjosupernova.pl\\\/\",\"name\":\"SUPERNOVA\",\"description\":\"studium j\u0119zyk\u00f3w obcych\",\"publisher\":{\"@id\":\"https:\\\/\\\/sjosupernova.pl\\\/#organization\"},\"potentialAction\":[{\"@type\":\"SearchAction\",\"target\":{\"@type\":\"EntryPoint\",\"urlTemplate\":\"https:\\\/\\\/sjosupernova.pl\\\/?s={search_term_string}\"},\"query-input\":{\"@type\":\"PropertyValueSpecification\",\"valueRequired\":true,\"valueName\":\"search_term_string\"}}],\"inLanguage\":\"pl-PL\"},{\"@type\":\"Organization\",\"@id\":\"https:\\\/\\\/sjosupernova.pl\\\/#organization\",\"name\":\"SUPERNOVA\",\"url\":\"https:\\\/\\\/sjosupernova.pl\\\/\",\"logo\":{\"@type\":\"ImageObject\",\"inLanguage\":\"pl-PL\",\"@id\":\"https:\\\/\\\/sjosupernova.pl\\\/#\\\/schema\\\/logo\\\/image\\\/\",\"url\":\"https:\\\/\\\/sjosupernova.pl\\\/wp-content\\\/uploads\\\/2020\\\/08\\\/cropped-cropped-cropped-cropped-Logotyp_Biale-1-1-1.png\",\"contentUrl\":\"https:\\\/\\\/sjosupernova.pl\\\/wp-content\\\/uploads\\\/2020\\\/08\\\/cropped-cropped-cropped-cropped-Logotyp_Biale-1-1-1.png\",\"width\":370,\"height\":209,\"caption\":\"SUPERNOVA\"},\"image\":{\"@id\":\"https:\\\/\\\/sjosupernova.pl\\\/#\\\/schema\\\/logo\\\/image\\\/\"}}]}<\/script>\n<!-- \/ Yoast SEO plugin. -->","yoast_head_json":{"title":"Organizacja Zaj\u0119\u0107 - SUPERNOVA","robots":{"index":"index","follow":"follow","max-snippet":"max-snippet:-1","max-image-preview":"max-image-preview:large","max-video-preview":"max-video-preview:-1"},"canonical":"https:\/\/sjosupernova.pl\/index.php\/organizacja-zajec\/","og_locale":"pl_PL","og_type":"article","og_title":"Organizacja Zaj\u0119\u0107 - SUPERNOVA","og_description":"&nbsp; To Ty wybierasz w jakie dni (od poniedzia\u0142ku do pi\u0105tku),w jakich godzinach (od godzin rannych do wieczornych), ile razy w tygodniu (1 lub 2), ile godzin w tygodniu (od 30 min. wzwy\u017c) oraz w jak licznym gronie os\u00f3b (indywidualnie lub w grupie 2, 3 lub 4-osobowej) chcesz si\u0119 uczy\u0107. Uk\u0142adaj\u0105c nasz grafik bierzemy pod        Czytaj dalej","og_url":"https:\/\/sjosupernova.pl\/index.php\/organizacja-zajec\/","og_site_name":"SUPERNOVA","article_modified_time":"2023-08-20T19:51:45+00:00","og_image":[{"url":"http:\/\/sjosupernova.pl\/wp-content\/uploads\/2020\/08\/Logotyp_Biale-1-2-e1598556487617.png","type":"","width":"","height":""}],"twitter_card":"summary_large_image","twitter_misc":{"Szacowany czas czytania":"2 minuty"},"schema":{"@context":"https:\/\/schema.org","@graph":[{"@type":"WebPage","@id":"https:\/\/sjosupernova.pl\/index.php\/organizacja-zajec\/","url":"https:\/\/sjosupernova.pl\/index.php\/organizacja-zajec\/","name":"Organizacja Zaj\u0119\u0107 - SUPERNOVA","isPartOf":{"@id":"https:\/\/sjosupernova.pl\/#website"},"primaryImageOfPage":{"@id":"https:\/\/sjosupernova.pl\/index.php\/organizacja-zajec\/#primaryimage"},"image":{"@id":"https:\/\/sjosupernova.pl\/index.php\/organizacja-zajec\/#primaryimage"},"thumbnailUrl":"http:\/\/sjosupernova.pl\/wp-content\/uploads\/2020\/08\/Logotyp_Biale-1-2-e1598556487617.png","datePublished":"2016-03-01T20:13:22+00:00","dateModified":"2023-08-20T19:51:45+00:00","breadcrumb":{"@id":"https:\/\/sjosupernova.pl\/index.php\/organizacja-zajec\/#breadcrumb"},"inLanguage":"pl-PL","potentialAction":[{"@type":"ReadAction","target":["https:\/\/sjosupernova.pl\/index.php\/organizacja-zajec\/"]}]},{"@type":"ImageObject","inLanguage":"pl-PL","@id":"https:\/\/sjosupernova.pl\/index.php\/organizacja-zajec\/#primaryimage","url":"http:\/\/sjosupernova.pl\/wp-content\/uploads\/2020\/08\/Logotyp_Biale-1-2-e1598556487617.png","contentUrl":"http:\/\/sjosupernova.pl\/wp-content\/uploads\/2020\/08\/Logotyp_Biale-1-2-e1598556487617.png"},{"@type":"BreadcrumbList","@id":"https:\/\/sjosupernova.pl\/index.php\/organizacja-zajec\/#breadcrumb","itemListElement":[{"@type":"ListItem","position":1,"name":"Strona g\u0142\u00f3wna","item":"https:\/\/sjosupernova.pl\/"},{"@type":"ListItem","position":2,"name":"Organizacja Zaj\u0119\u0107"}]},{"@type":"WebSite","@id":"https:\/\/sjosupernova.pl\/#website","url":"https:\/\/sjosupernova.pl\/","name":"SUPERNOVA","description":"studium j\u0119zyk\u00f3w obcych","publisher":{"@id":"https:\/\/sjosupernova.pl\/#organization"},"potentialAction":[{"@type":"SearchAction","target":{"@type":"EntryPoint","urlTemplate":"https:\/\/sjosupernova.pl\/?s={search_term_string}"},"query-input":{"@type":"PropertyValueSpecification","valueRequired":true,"valueName":"search_term_string"}}],"inLanguage":"pl-PL"},{"@type":"Organization","@id":"https:\/\/sjosupernova.pl\/#organization","name":"SUPERNOVA","url":"https:\/\/sjosupernova.pl\/","logo":{"@type":"ImageObject","inLanguage":"pl-PL","@id":"https:\/\/sjosupernova.pl\/#\/schema\/logo\/image\/","url":"https:\/\/sjosupernova.pl\/wp-content\/uploads\/2020\/08\/cropped-cropped-cropped-cropped-Logotyp_Biale-1-1-1.png","contentUrl":"https:\/\/sjosupernova.pl\/wp-content\/uploads\/2020\/08\/cropped-cropped-cropped-cropped-Logotyp_Biale-1-1-1.png","width":370,"height":209,"caption":"SUPERNOVA"},"image":{"@id":"https:\/\/sjosupernova.pl\/#\/schema\/logo\/image\/"}}]}},"_links":{"self":[{"href":"https:\/\/sjosupernova.pl\/index.php\/wp-json\/wp\/v2\/pages\/17","targetHints":{"allow":["GET"]}}],"collection":[{"href":"https:\/\/sjosupernova.pl\/index.php\/wp-json\/wp\/v2\/pages"}],"about":[{"href":"https:\/\/sjosupernova.pl\/index.php\/wp-json\/wp\/v2\/types\/page"}],"author":[{"embeddable":true,"href":"https:\/\/sjosupernova.pl\/index.php\/wp-json\/wp\/v2\/users\/1"}],"replies":[{"embeddable":true,"href":"https:\/\/sjosupernova.pl\/index.php\/wp-json\/wp\/v2\/comments?post=17"}],"version-history":[{"count":0,"href":"https:\/\/sjosupernova.pl\/index.php\/wp-json\/wp\/v2\/pages\/17\/revisions"}],"wp:attachment":[{"href":"https:\/\/sjosupernova.pl\/index.php\/wp-json\/wp\/v2\/media?parent=17"}],"curies":[{"name":"wp","href":"https:\/\/api.w.org\/{rel}","templated":true}]}}