{"id":19,"date":"2016-03-01T21:13:56","date_gmt":"2016-03-01T20:13:56","guid":{"rendered":"http:\/\/sjosupernova.pl\/?page_id=19"},"modified":"2025-08-25T20:00:33","modified_gmt":"2025-08-25T18:00:33","slug":"kursy","status":"publish","type":"page","link":"https:\/\/sjosupernova.pl\/index.php\/kursy\/","title":{"rendered":"Kursy"},"content":{"rendered":"<p><img loading=\"lazy\" decoding=\"async\" class=\"aligncenter wp-image-2125 size-full\" src=\"http:\/\/sjosupernova.pl\/wp-content\/uploads\/2020\/08\/Logotyp_Biale-1-2-e1598556487617.png\" alt=\"\" width=\"150\" height=\"86\"><\/p>\n<p>&nbsp;<\/p>\n<table style=\"border-collapse: collapse; width: 100%;\">\n<tbody>\n<tr>\n<td style=\"width: 100%;\">\n<p style=\"text-align: justify;\"><span style=\"font-size: 16px; color: #000000;\"><span style=\"font-family: georgia,serif;\">*Uczymy j\u0119zyka angielskiego i niemieckiego zar\u00f3wno w trybie stacjonarnym (w siedzibie szko\u0142y przy ulicy C. Sk\u0142odowskiej 66\/75 na osiedlu Bartodzieje w Bydgoszczy) jak i online. &nbsp;<\/span><\/span><\/p>\n<p style=\"text-align: justify;\"><span style=\"font-size: 16px; color: #000000;\"><span style=\"font-family: georgia,serif;\">*Prowadzimy kursy og\u00f3lne, egzaminacyjne (m.in. egzamin \u00f3smoklasisty, matura, B2 First) i biznesowe.<\/span><\/span><\/p>\n<p style=\"text-align: justify;\"><span style=\"font-size: 16px; color: #000000;\"><span style=\"font-family: georgia,serif;\">*Uczymy &nbsp;dzieci od 6 roku \u017cycia, m\u0142odzie\u017c i doros\u0142ych w kameralnych grupach od 2 do 4 os\u00f3b oraz indywidualnie na wszystkich poziomach zaawansowania od A1 do C2.<\/span><\/span><\/p>\n<p style=\"text-align: justify;\"><span style=\"font-size: 16px; color: #000000;\"><span style=\"font-family: georgia,serif;\">Grupy tworzone s\u0105 na podstawie poziomu zaawansowania i&nbsp;wieku uczestnik\u00f3w. Kwalifikacja nast\u0119puje na podstawie bezp\u0142atnego testu&nbsp; ustnego i&nbsp;pisemnego, do kt\u00f3rego podchodzi si\u0119 w&nbsp;biurze studium po wcze\u015bniejszym zapisie telefonicznym i ustaleniu terminu testu.<\/span><\/span><\/p>\n<\/td>\n<\/tr>\n<tr>\n<td style=\"width: 100%;\">\n<p style=\"text-align: justify;\"><span style=\"font-size: 16px; color: #000000;\"><span style=\"font-family: georgia,serif;\">Prowadzimy te\u017c szkolenia dla firm i&nbsp;instytucji wed\u0142ug indywidualnego zam\u00f3wienia. Do tej pory z oferty SJO Supernova skorzysta\u0142y&nbsp; m.in. nast\u0119puj\u0105ce firmy i instytucje:<\/span><\/span><\/p>\n<p style=\"text-align: justify;\"><span style=\"font-size: 16px; color: #000000;\"><span style=\"font-family: georgia,serif;\">-TVP s.a. o\/ Bydgoszcz<\/span><\/span><\/p>\n<p style=\"text-align: justify;\"><span style=\"font-size: 16px; color: #000000;\"><span style=\"font-family: georgia,serif;\">-FROSTA sp. z.o.o<\/span><\/span><\/p>\n<p style=\"text-align: justify;\"><span style=\"font-size: 16px; color: #000000;\"><span style=\"font-family: georgia,serif;\">-METRO&nbsp;MGI Polska sp z.o.o \/ Warszawa<\/span><\/span><\/p>\n<p style=\"text-align: justify;\"><span style=\"font-size: 16px; color: #000000;\"><span style=\"font-family: georgia,serif;\">-RUCH s.a. w Warszawie o\/ Bydgoszcz<\/span><\/span><\/p>\n<p style=\"text-align: justify;\"><span style=\"font-size: 16px; color: #000000;\"><span style=\"font-family: georgia,serif;\">-FER-BELMA sp z.o.o \/ Bydgoszcz<\/span><\/span><\/p>\n<p style=\"text-align: justify;\"><span style=\"font-size: 16px; color: #000000;\"><span style=\"font-family: georgia,serif;\">-Studio Promocji i Reklamy w.&nbsp;Piotrowski\/ Bydgoszcz<\/span><\/span><\/p>\n<p style=\"text-align: justify;\"><span style=\"font-size: 16px; color: #000000;\"><span style=\"font-family: georgia,serif;\">-Zak\u0142ad Kamieniarski a.r. Rambowicz \/&nbsp;Bydgoszcz<\/span><\/span><\/p>\n<p style=\"text-align: justify;\"><span style=\"font-size: 16px; color: #000000;\"><span style=\"font-family: georgia,serif;\">-NEXOS s.c. \/ Bydgoszcz<\/span><\/span><\/p>\n<p style=\"text-align: justify;\"><span style=\"font-size: 16px; color: #000000;\"><span style=\"font-family: georgia,serif;\">-Belma AS Sp. z o.o.<\/span><\/span><\/p>\n<p style=\"text-align: justify;\"><span style=\"font-size: 16px; color: #000000;\"><span style=\"font-family: georgia,serif;\">-Fundacja Duende Flamenco<\/span><\/span><\/p>\n<p style=\"text-align: justify;\"><span style=\"font-size: 16px; color: #000000;\"><span style=\"font-family: georgia,serif;\">-Szko\u0142a w Chmurze<\/span><\/span><\/p>\n<p style=\"text-align: justify;\"><span style=\"font-size: 16px; color: #000000;\"><span style=\"font-family: georgia,serif;\">-Boston Scientific Polska Sp. z o.o.<\/span><\/span><\/p>\n<p style=\"text-align: justify;\"><span style=\"font-size: 16px; color: #000000;\"><span style=\"font-family: georgia,serif;\">-Prywatny Gabinet Stomatologiczny lek. dent. Micha\u0142 Rawicki<\/span><\/span><\/p>\n<p style=\"text-align: justify;\">&nbsp;<\/p>\n<\/td>\n<\/tr>\n<\/tbody>\n<\/table>\n<p style=\"text-align: justify;\">&nbsp;<\/p>\n<p style=\"text-align: justify;\">&nbsp;<\/p>\n","protected":false},"excerpt":{"rendered":"<p>&nbsp; *Uczymy j\u0119zyka angielskiego i niemieckiego zar\u00f3wno w trybie stacjonarnym (w siedzibie szko\u0142y przy ulicy C. Sk\u0142odowskiej 66\/75 na osiedlu Bartodzieje w Bydgoszczy) jak i online. &nbsp; *Prowadzimy kursy og\u00f3lne, egzaminacyjne (m.in. egzamin \u00f3smoklasisty, matura, B2 First) i biznesowe. *Uczymy &nbsp;dzieci od 6 roku \u017cycia, m\u0142odzie\u017c i doros\u0142ych w kameralnych grupach od 2 do 4<\/p>\n<div class=\"more-link\">\n             <a href=\"https:\/\/sjosupernova.pl\/index.php\/kursy\/\" class=\"theme-btn\"><span>Czytaj dalej <\/span><i class=\"bi bi-arrow-right\"><\/i><\/a>\n        <\/div>\n","protected":false},"author":1,"featured_media":0,"parent":0,"menu_order":0,"comment_status":"closed","ping_status":"closed","template":"","meta":{"ngg_post_thumbnail":0,"footnotes":""},"class_list":["post-19","page","type-page","status-publish","hentry"],"yoast_head":"<!-- This site is optimized with the Yoast SEO plugin v27.4 - https:\/\/yoast.com\/product\/yoast-seo-wordpress\/ -->\n<title>Kursy - SUPERNOVA<\/title>\n<meta name=\"robots\" content=\"index, follow, max-snippet:-1, max-image-preview:large, max-video-preview:-1\" \/>\n<link rel=\"canonical\" href=\"https:\/\/sjosupernova.pl\/index.php\/kursy\/\" \/>\n<meta property=\"og:locale\" content=\"pl_PL\" \/>\n<meta property=\"og:type\" content=\"article\" \/>\n<meta property=\"og:title\" content=\"Kursy - SUPERNOVA\" \/>\n<meta property=\"og:description\" content=\"&nbsp; *Uczymy j\u0119zyka angielskiego i niemieckiego zar\u00f3wno w trybie stacjonarnym (w siedzibie szko\u0142y przy ulicy C. Sk\u0142odowskiej 66\/75 na osiedlu Bartodzieje w Bydgoszczy) jak i online. &nbsp; *Prowadzimy kursy og\u00f3lne, egzaminacyjne (m.in. egzamin \u00f3smoklasisty, matura, B2 First) i biznesowe. *Uczymy &nbsp;dzieci od 6 roku \u017cycia, m\u0142odzie\u017c i doros\u0142ych w kameralnych grupach od 2 do 4        Czytaj dalej\" \/>\n<meta property=\"og:url\" content=\"https:\/\/sjosupernova.pl\/index.php\/kursy\/\" \/>\n<meta property=\"og:site_name\" content=\"SUPERNOVA\" \/>\n<meta property=\"article:modified_time\" content=\"2025-08-25T18:00:33+00:00\" \/>\n<meta property=\"og:image\" content=\"https:\/\/sjosupernova.pl\/wp-content\/uploads\/2020\/08\/Logotyp_Biale-1-2-e1598556487617.png\" \/>\n\t<meta property=\"og:image:width\" content=\"150\" \/>\n\t<meta property=\"og:image:height\" content=\"86\" \/>\n\t<meta property=\"og:image:type\" content=\"image\/png\" \/>\n<meta name=\"twitter:card\" content=\"summary_large_image\" \/>\n<meta name=\"twitter:label1\" content=\"Szacowany czas czytania\" \/>\n\t<meta name=\"twitter:data1\" content=\"2 minuty\" \/>\n<script type=\"application\/ld+json\" class=\"yoast-schema-graph\">{\"@context\":\"https:\\\/\\\/schema.org\",\"@graph\":[{\"@type\":\"WebPage\",\"@id\":\"https:\\\/\\\/sjosupernova.pl\\\/index.php\\\/kursy\\\/\",\"url\":\"https:\\\/\\\/sjosupernova.pl\\\/index.php\\\/kursy\\\/\",\"name\":\"Kursy - SUPERNOVA\",\"isPartOf\":{\"@id\":\"https:\\\/\\\/sjosupernova.pl\\\/#website\"},\"primaryImageOfPage\":{\"@id\":\"https:\\\/\\\/sjosupernova.pl\\\/index.php\\\/kursy\\\/#primaryimage\"},\"image\":{\"@id\":\"https:\\\/\\\/sjosupernova.pl\\\/index.php\\\/kursy\\\/#primaryimage\"},\"thumbnailUrl\":\"http:\\\/\\\/sjosupernova.pl\\\/wp-content\\\/uploads\\\/2020\\\/08\\\/Logotyp_Biale-1-2-e1598556487617.png\",\"datePublished\":\"2016-03-01T20:13:56+00:00\",\"dateModified\":\"2025-08-25T18:00:33+00:00\",\"breadcrumb\":{\"@id\":\"https:\\\/\\\/sjosupernova.pl\\\/index.php\\\/kursy\\\/#breadcrumb\"},\"inLanguage\":\"pl-PL\",\"potentialAction\":[{\"@type\":\"ReadAction\",\"target\":[\"https:\\\/\\\/sjosupernova.pl\\\/index.php\\\/kursy\\\/\"]}]},{\"@type\":\"ImageObject\",\"inLanguage\":\"pl-PL\",\"@id\":\"https:\\\/\\\/sjosupernova.pl\\\/index.php\\\/kursy\\\/#primaryimage\",\"url\":\"http:\\\/\\\/sjosupernova.pl\\\/wp-content\\\/uploads\\\/2020\\\/08\\\/Logotyp_Biale-1-2-e1598556487617.png\",\"contentUrl\":\"http:\\\/\\\/sjosupernova.pl\\\/wp-content\\\/uploads\\\/2020\\\/08\\\/Logotyp_Biale-1-2-e1598556487617.png\"},{\"@type\":\"BreadcrumbList\",\"@id\":\"https:\\\/\\\/sjosupernova.pl\\\/index.php\\\/kursy\\\/#breadcrumb\",\"itemListElement\":[{\"@type\":\"ListItem\",\"position\":1,\"name\":\"Strona g\u0142\u00f3wna\",\"item\":\"https:\\\/\\\/sjosupernova.pl\\\/\"},{\"@type\":\"ListItem\",\"position\":2,\"name\":\"Kursy\"}]},{\"@type\":\"WebSite\",\"@id\":\"https:\\\/\\\/sjosupernova.pl\\\/#website\",\"url\":\"https:\\\/\\\/sjosupernova.pl\\\/\",\"name\":\"SUPERNOVA\",\"description\":\"studium j\u0119zyk\u00f3w obcych\",\"publisher\":{\"@id\":\"https:\\\/\\\/sjosupernova.pl\\\/#organization\"},\"potentialAction\":[{\"@type\":\"SearchAction\",\"target\":{\"@type\":\"EntryPoint\",\"urlTemplate\":\"https:\\\/\\\/sjosupernova.pl\\\/?s={search_term_string}\"},\"query-input\":{\"@type\":\"PropertyValueSpecification\",\"valueRequired\":true,\"valueName\":\"search_term_string\"}}],\"inLanguage\":\"pl-PL\"},{\"@type\":\"Organization\",\"@id\":\"https:\\\/\\\/sjosupernova.pl\\\/#organization\",\"name\":\"SUPERNOVA\",\"url\":\"https:\\\/\\\/sjosupernova.pl\\\/\",\"logo\":{\"@type\":\"ImageObject\",\"inLanguage\":\"pl-PL\",\"@id\":\"https:\\\/\\\/sjosupernova.pl\\\/#\\\/schema\\\/logo\\\/image\\\/\",\"url\":\"https:\\\/\\\/sjosupernova.pl\\\/wp-content\\\/uploads\\\/2020\\\/08\\\/cropped-cropped-cropped-cropped-Logotyp_Biale-1-1-1.png\",\"contentUrl\":\"https:\\\/\\\/sjosupernova.pl\\\/wp-content\\\/uploads\\\/2020\\\/08\\\/cropped-cropped-cropped-cropped-Logotyp_Biale-1-1-1.png\",\"width\":370,\"height\":209,\"caption\":\"SUPERNOVA\"},\"image\":{\"@id\":\"https:\\\/\\\/sjosupernova.pl\\\/#\\\/schema\\\/logo\\\/image\\\/\"}}]}<\/script>\n<!-- \/ Yoast SEO plugin. -->","yoast_head_json":{"title":"Kursy - SUPERNOVA","robots":{"index":"index","follow":"follow","max-snippet":"max-snippet:-1","max-image-preview":"max-image-preview:large","max-video-preview":"max-video-preview:-1"},"canonical":"https:\/\/sjosupernova.pl\/index.php\/kursy\/","og_locale":"pl_PL","og_type":"article","og_title":"Kursy - SUPERNOVA","og_description":"&nbsp; *Uczymy j\u0119zyka angielskiego i niemieckiego zar\u00f3wno w trybie stacjonarnym (w siedzibie szko\u0142y przy ulicy C. Sk\u0142odowskiej 66\/75 na osiedlu Bartodzieje w Bydgoszczy) jak i online. &nbsp; *Prowadzimy kursy og\u00f3lne, egzaminacyjne (m.in. egzamin \u00f3smoklasisty, matura, B2 First) i biznesowe. *Uczymy &nbsp;dzieci od 6 roku \u017cycia, m\u0142odzie\u017c i doros\u0142ych w kameralnych grupach od 2 do 4        Czytaj dalej","og_url":"https:\/\/sjosupernova.pl\/index.php\/kursy\/","og_site_name":"SUPERNOVA","article_modified_time":"2025-08-25T18:00:33+00:00","og_image":[{"width":150,"height":86,"url":"https:\/\/sjosupernova.pl\/wp-content\/uploads\/2020\/08\/Logotyp_Biale-1-2-e1598556487617.png","type":"image\/png"}],"twitter_card":"summary_large_image","twitter_misc":{"Szacowany czas czytania":"2 minuty"},"schema":{"@context":"https:\/\/schema.org","@graph":[{"@type":"WebPage","@id":"https:\/\/sjosupernova.pl\/index.php\/kursy\/","url":"https:\/\/sjosupernova.pl\/index.php\/kursy\/","name":"Kursy - SUPERNOVA","isPartOf":{"@id":"https:\/\/sjosupernova.pl\/#website"},"primaryImageOfPage":{"@id":"https:\/\/sjosupernova.pl\/index.php\/kursy\/#primaryimage"},"image":{"@id":"https:\/\/sjosupernova.pl\/index.php\/kursy\/#primaryimage"},"thumbnailUrl":"http:\/\/sjosupernova.pl\/wp-content\/uploads\/2020\/08\/Logotyp_Biale-1-2-e1598556487617.png","datePublished":"2016-03-01T20:13:56+00:00","dateModified":"2025-08-25T18:00:33+00:00","breadcrumb":{"@id":"https:\/\/sjosupernova.pl\/index.php\/kursy\/#breadcrumb"},"inLanguage":"pl-PL","potentialAction":[{"@type":"ReadAction","target":["https:\/\/sjosupernova.pl\/index.php\/kursy\/"]}]},{"@type":"ImageObject","inLanguage":"pl-PL","@id":"https:\/\/sjosupernova.pl\/index.php\/kursy\/#primaryimage","url":"http:\/\/sjosupernova.pl\/wp-content\/uploads\/2020\/08\/Logotyp_Biale-1-2-e1598556487617.png","contentUrl":"http:\/\/sjosupernova.pl\/wp-content\/uploads\/2020\/08\/Logotyp_Biale-1-2-e1598556487617.png"},{"@type":"BreadcrumbList","@id":"https:\/\/sjosupernova.pl\/index.php\/kursy\/#breadcrumb","itemListElement":[{"@type":"ListItem","position":1,"name":"Strona g\u0142\u00f3wna","item":"https:\/\/sjosupernova.pl\/"},{"@type":"ListItem","position":2,"name":"Kursy"}]},{"@type":"WebSite","@id":"https:\/\/sjosupernova.pl\/#website","url":"https:\/\/sjosupernova.pl\/","name":"SUPERNOVA","description":"studium j\u0119zyk\u00f3w obcych","publisher":{"@id":"https:\/\/sjosupernova.pl\/#organization"},"potentialAction":[{"@type":"SearchAction","target":{"@type":"EntryPoint","urlTemplate":"https:\/\/sjosupernova.pl\/?s={search_term_string}"},"query-input":{"@type":"PropertyValueSpecification","valueRequired":true,"valueName":"search_term_string"}}],"inLanguage":"pl-PL"},{"@type":"Organization","@id":"https:\/\/sjosupernova.pl\/#organization","name":"SUPERNOVA","url":"https:\/\/sjosupernova.pl\/","logo":{"@type":"ImageObject","inLanguage":"pl-PL","@id":"https:\/\/sjosupernova.pl\/#\/schema\/logo\/image\/","url":"https:\/\/sjosupernova.pl\/wp-content\/uploads\/2020\/08\/cropped-cropped-cropped-cropped-Logotyp_Biale-1-1-1.png","contentUrl":"https:\/\/sjosupernova.pl\/wp-content\/uploads\/2020\/08\/cropped-cropped-cropped-cropped-Logotyp_Biale-1-1-1.png","width":370,"height":209,"caption":"SUPERNOVA"},"image":{"@id":"https:\/\/sjosupernova.pl\/#\/schema\/logo\/image\/"}}]}},"_links":{"self":[{"href":"https:\/\/sjosupernova.pl\/index.php\/wp-json\/wp\/v2\/pages\/19","targetHints":{"allow":["GET"]}}],"collection":[{"href":"https:\/\/sjosupernova.pl\/index.php\/wp-json\/wp\/v2\/pages"}],"about":[{"href":"https:\/\/sjosupernova.pl\/index.php\/wp-json\/wp\/v2\/types\/page"}],"author":[{"embeddable":true,"href":"https:\/\/sjosupernova.pl\/index.php\/wp-json\/wp\/v2\/users\/1"}],"replies":[{"embeddable":true,"href":"https:\/\/sjosupernova.pl\/index.php\/wp-json\/wp\/v2\/comments?post=19"}],"version-history":[{"count":0,"href":"https:\/\/sjosupernova.pl\/index.php\/wp-json\/wp\/v2\/pages\/19\/revisions"}],"wp:attachment":[{"href":"https:\/\/sjosupernova.pl\/index.php\/wp-json\/wp\/v2\/media?parent=19"}],"curies":[{"name":"wp","href":"https:\/\/api.w.org\/{rel}","templated":true}]}}