{"id":2,"date":"2016-03-01T20:32:48","date_gmt":"2016-03-01T19:32:48","guid":{"rendered":"http:\/\/sjosupernova.pl\/?page_id=2"},"modified":"2025-08-26T20:13:40","modified_gmt":"2025-08-26T18:13:40","slug":"studium-jezykow-obcych-supernova","status":"publish","type":"page","link":"https:\/\/sjosupernova.pl\/","title":{"rendered":"Supernova"},"content":{"rendered":"<p><a href=\"https:\/\/sjosupernova.pl\/wp-content\/uploads\/2020\/08\/cropped-cropped-cropped-Logotyp_Biale-1-1.png\"><img loading=\"lazy\" decoding=\"async\" class=\"size-medium wp-image-2542 aligncenter\" src=\"https:\/\/sjosupernova.pl\/wp-content\/uploads\/2020\/08\/cropped-cropped-cropped-Logotyp_Biale-1-1-300x165.png\" alt=\"\" width=\"300\" height=\"165\" srcset=\"https:\/\/sjosupernova.pl\/wp-content\/uploads\/2020\/08\/cropped-cropped-cropped-Logotyp_Biale-1-1-300x165.png 300w, https:\/\/sjosupernova.pl\/wp-content\/uploads\/2020\/08\/cropped-cropped-cropped-Logotyp_Biale-1-1.png 428w\" sizes=\"auto, (max-width: 300px) 100vw, 300px\" \/><\/a><\/p>\n<table style=\"border-collapse: collapse; width: 100%;\">\n<tbody>\n<tr>\n<td style=\"width: 100%;\">\n<p style=\"text-align: justify;\"><strong><span style=\"font-size: 16px; color: #000000;\"><span style=\"font-family: georgia,serif;\">Nasze kursy &nbsp;j\u0119zyka angielskiego i niemieckiego s\u0105 dla ciebie je\u015bli cenisz sobie:<\/span><\/span><\/strong><\/p>\n<p>&nbsp;<\/p>\n<p style=\"text-align: justify;\"><span style=\"font-size: 16px; color: #000000;\"><span style=\"font-family: georgia,serif;\">EFEKTYWNO\u015a\u0106 I KOMFORT &#8211;&nbsp;<\/span><\/span><span style=\"font-size: 16px; color: #000000;\"><span style=\"font-family: georgia,serif;\">u nas uczysz si\u0119 w bardzo ma\u0142ych grupach od 2 do 4 os\u00f3b lub indywidualnie, co sprawia, \u017ce nauka jest niezwykle komfortowa i przynosi lepsze efekty.<\/span><\/span><\/p>\n<p style=\"text-align: justify;\"><span style=\"font-size: 16px; color: #000000;\"><span style=\"font-family: georgia,serif;\">ELASTYCZNO\u015a\u0106 I WYGOD\u0118 &#8211;&nbsp;<\/span><\/span><span style=\"font-size: 16px; color: #000000;\"><span style=\"font-family: georgia,serif;\">to ty wybierasz dni, godziny, ilo\u015b\u0107 zaj\u0119\u0107, ilo\u015b\u0107 os\u00f3b w grupie i cen\u0119 za kurs.<\/span><\/span><\/p>\n<p style=\"text-align: justify;\"><span style=\"font-size: 16px; color: #000000;\"><span style=\"font-family: georgia,serif;\">WYKWALIFIKOWAN\u0104 I DO\u015aWIADCZON\u0104 KADR\u0118 &#8211;&nbsp;<\/span><\/span><span style=\"font-size: 16px; color: #000000;\"><span style=\"font-family: georgia,serif;\">nasi lektorzy to absolwenci filologii angielskiej i germa\u0144skiej posiadaj\u0105cy wieloletnie do\u015bwiadczenie w nauczaniu j\u0119zyk\u00f3w obcych i potrafi\u0105cy przekaza\u0107 swoj\u0105 wiedz\u0119 w niebanalny spos\u00f3b.<\/span><\/span><\/p>\n<p style=\"text-align: justify;\"><span style=\"font-size: 16px; color: #000000;\"><span style=\"font-family: georgia,serif;\">DOMOW\u0104 I BEZSTRESOW\u0104 ATMOSFER\u0118 &#8211;&nbsp;<\/span><\/span><span style=\"font-size: 16px; color: #000000;\"><span style=\"font-family: georgia,serif;\">na naszych zaj\u0119ciach poczujesz si\u0119 jakby\u015b spotka\u0142 si\u0119 z przyjaci\u00f3\u0142mi we w\u0142asnym domu.<\/span><\/span><\/p>\n<p style=\"text-align: justify;\"><span style=\"font-size: 16px; color: #000000;\"><span style=\"font-family: georgia,serif;\">ENERGI\u0118, U\u015aMIECH, DOBRY HUMOR, CIERPLIWO\u015a\u0106 I ZAANGA\u017bOWANIE &#8211;&nbsp;<\/span><\/span><span style=\"font-size: 16px; color: #000000;\"><span style=\"font-family: georgia,serif;\">dok\u0142adamy wszelkich stara\u0144, \u017ceby ka\u017cdy nasz ucze\u0144 czu\u0142 si\u0119 wa\u017cny i wyj\u0105tkowy oraz uko\u0144czy\u0142 kurs z poczuciem, \u017ce trafi\u0142 pod w\u0142a\u015bciwe skrzyd\u0142a.<\/span> <\/span><\/p>\n<p>&nbsp;<\/td>\n<\/tr>\n<tr>\n<td style=\"width: 100%;\">\n<p style=\"text-align: justify;\"><strong><span style=\"font-size: 16px; color: #000000;\"><span style=\"font-family: georgia,serif;\">Co dadz\u0105 ci nasze kursy? Jakie korzy\u015bci oferujemy?<\/span><\/span><\/strong><\/p>\n<p>&nbsp;<\/p>\n<p style=\"text-align: justify;\"><span style=\"font-size: 16px; color: #000000;\"><span style=\"font-family: georgia,serif;\">W bezstresowy i kreatywny spos\u00f3b pomo\u017cemy ci prze\u0142ama\u0107 barier\u0119 j\u0119zykow\u0105.<\/span><\/span><\/p>\n<p style=\"text-align: justify;\"><span style=\"font-size: 16px; color: #000000;\"><span style=\"font-family: georgia,serif;\">Dzi\u0119ki nam w ko\u0144cu odwa\u017cysz si\u0119 przem\u00f3wi\u0107.<\/span><\/span><\/p>\n<p style=\"text-align: justify;\"><span style=\"font-size: 16px; color: #000000;\"><span style=\"font-family: georgia,serif;\">Os\u0142uchamy ci\u0119 tak, \u017ce zrozumiesz niejednego obcokrajowca.<\/span><\/span><\/p>\n<p style=\"text-align: justify;\"><span style=\"font-size: 16px; color: #000000;\"><span style=\"font-family: georgia,serif;\">Oswoimy ci\u0119 z zawi\u0142o\u015bciami gramatyki i w ko\u0144cu zrozumiesz kiedy kt\u00f3rej konstrukcji u\u017cy\u0107.<\/span><\/span><\/p>\n<p style=\"text-align: justify;\"><span style=\"font-size: 16px; color: #000000;\"><span style=\"font-family: georgia,serif;\">Poznasz wiele s\u0142\u00f3w i wyra\u017ce\u0144, kt\u00f3re u\u0142atwi\u0105 ci komunikacj\u0119 ustn\u0105 i pisemn\u0105.<\/span><\/span><\/p>\n<p style=\"text-align: justify;\"><span style=\"font-size: 16px; color: #000000;\"><span style=\"font-family: georgia,serif;\">W ciekawy i indywidualnie dopasowany spos\u00f3b poka\u017cemy ci jak si\u0119 uczy\u0107, \u017ceby si\u0119 nauczy\u0107.<\/span> <\/span><\/p>\n<p>&nbsp;<\/td>\n<\/tr>\n<tr>\n<td style=\"width: 100%; text-align: justify;\"><strong><span style=\"font-size: 16px; color: #000000;\"><span style=\"font-family: georgia,serif;\">Ju\u017c od 1998 roku uczymy wszystkie grupy wiekowe od przedszkolak\u00f3w do senior\u00f3w na wszystkich poziomach zaawansowania! Zapraszamy! Zacznij swoj\u0105 j\u0119zykow\u0105 przygod\u0119 ju\u017c dzi\u015b!<\/span><\/span><\/strong><\/td>\n<\/tr>\n<tr>\n<td style=\"width: 100%;\">\n<p style=\"text-align: justify;\"><strong><span style=\"font-size: 16px; color: #000000;\"><span style=\"font-family: georgia,serif;\">Angielski i niemiecki &#8211;&nbsp; stacjonarnie i online<\/span><\/span><\/strong><\/p>\n<p style=\"text-align: justify;\"><span style=\"font-size: 16px;\"><span style=\"font-family: georgia,serif;\"><a href=\"http:\/\/sjosupernova.pl\/index.php\/kontakt\/\">Skontaktuj si\u0119 z nami.<\/a><\/span><\/span><\/p>\n<p style=\"text-align: justify;\">&nbsp;<\/p>\n<\/td>\n<\/tr>\n<\/tbody>\n<\/table>\n<p>&nbsp;<\/p>\n<p>&nbsp;<\/p>\n<p style=\"text-align: justify;\">&nbsp;<\/p>\n<p>&nbsp;<\/p>\n<p style=\"text-align: justify;\">&nbsp;<\/p>\n","protected":false},"excerpt":{"rendered":"<p>Nasze kursy &nbsp;j\u0119zyka angielskiego i niemieckiego s\u0105 dla ciebie je\u015bli cenisz sobie: &nbsp; EFEKTYWNO\u015a\u0106 I KOMFORT &#8211;&nbsp;u nas uczysz si\u0119 w bardzo ma\u0142ych grupach od 2 do 4 os\u00f3b lub indywidualnie, co sprawia, \u017ce nauka jest niezwykle komfortowa i przynosi lepsze efekty. ELASTYCZNO\u015a\u0106 I WYGOD\u0118 &#8211;&nbsp;to ty wybierasz dni, godziny, ilo\u015b\u0107 zaj\u0119\u0107, ilo\u015b\u0107 os\u00f3b w<\/p>\n<div class=\"more-link\">\n             <a href=\"https:\/\/sjosupernova.pl\/\" class=\"theme-btn\"><span>Czytaj dalej <\/span><i class=\"bi bi-arrow-right\"><\/i><\/a>\n        <\/div>\n","protected":false},"author":1,"featured_media":0,"parent":0,"menu_order":0,"comment_status":"closed","ping_status":"closed","template":"","meta":{"ngg_post_thumbnail":0,"footnotes":""},"class_list":["post-2","page","type-page","status-publish","hentry"],"yoast_head":"<!-- This site is optimized with the Yoast SEO plugin v27.4 - https:\/\/yoast.com\/product\/yoast-seo-wordpress\/ -->\n<title>Supernova - SUPERNOVA<\/title>\n<meta name=\"description\" content=\"angielski niemiecki hiszpa\u0144ski korepetycje szko\u0142a studium bartodzieje Bydgoszcz lekcje prywatne j\u0119zyk obcy studium j\u0119zykowe Supernova Studium J\u0119zyk\u00f3w obcych\" \/>\n<meta name=\"robots\" content=\"index, follow, max-snippet:-1, max-image-preview:large, max-video-preview:-1\" \/>\n<link rel=\"canonical\" href=\"https:\/\/sjosupernova.pl\/\" \/>\n<meta property=\"og:locale\" content=\"pl_PL\" \/>\n<meta property=\"og:type\" content=\"article\" \/>\n<meta property=\"og:title\" content=\"Supernova - SUPERNOVA\" \/>\n<meta property=\"og:description\" content=\"angielski niemiecki hiszpa\u0144ski korepetycje szko\u0142a studium bartodzieje Bydgoszcz lekcje prywatne j\u0119zyk obcy studium j\u0119zykowe Supernova Studium J\u0119zyk\u00f3w obcych\" \/>\n<meta property=\"og:url\" content=\"https:\/\/sjosupernova.pl\/\" \/>\n<meta property=\"og:site_name\" content=\"SUPERNOVA\" \/>\n<meta property=\"article:modified_time\" content=\"2025-08-26T18:13:40+00:00\" \/>\n<meta property=\"og:image\" content=\"https:\/\/sjosupernova.pl\/wp-content\/uploads\/2020\/08\/cropped-cropped-cropped-Logotyp_Biale-1-1.png\" \/>\n\t<meta property=\"og:image:width\" content=\"428\" \/>\n\t<meta property=\"og:image:height\" content=\"236\" \/>\n\t<meta property=\"og:image:type\" content=\"image\/png\" \/>\n<meta name=\"twitter:card\" content=\"summary_large_image\" \/>\n<meta name=\"twitter:label1\" content=\"Szacowany czas czytania\" \/>\n\t<meta name=\"twitter:data1\" content=\"2 minuty\" \/>\n<script type=\"application\/ld+json\" class=\"yoast-schema-graph\">{\"@context\":\"https:\\\/\\\/schema.org\",\"@graph\":[{\"@type\":\"WebPage\",\"@id\":\"https:\\\/\\\/sjosupernova.pl\\\/\",\"url\":\"https:\\\/\\\/sjosupernova.pl\\\/\",\"name\":\"Supernova - SUPERNOVA\",\"isPartOf\":{\"@id\":\"https:\\\/\\\/sjosupernova.pl\\\/#website\"},\"primaryImageOfPage\":{\"@id\":\"https:\\\/\\\/sjosupernova.pl\\\/#primaryimage\"},\"image\":{\"@id\":\"https:\\\/\\\/sjosupernova.pl\\\/#primaryimage\"},\"thumbnailUrl\":\"https:\\\/\\\/sjosupernova.pl\\\/wp-content\\\/uploads\\\/2020\\\/08\\\/cropped-cropped-cropped-Logotyp_Biale-1-1-300x165.png\",\"datePublished\":\"2016-03-01T19:32:48+00:00\",\"dateModified\":\"2025-08-26T18:13:40+00:00\",\"description\":\"angielski niemiecki hiszpa\u0144ski korepetycje szko\u0142a studium bartodzieje Bydgoszcz lekcje prywatne j\u0119zyk obcy studium j\u0119zykowe Supernova Studium J\u0119zyk\u00f3w obcych\",\"breadcrumb\":{\"@id\":\"https:\\\/\\\/sjosupernova.pl\\\/#breadcrumb\"},\"inLanguage\":\"pl-PL\",\"potentialAction\":[{\"@type\":\"ReadAction\",\"target\":[\"https:\\\/\\\/sjosupernova.pl\\\/\"]}]},{\"@type\":\"ImageObject\",\"inLanguage\":\"pl-PL\",\"@id\":\"https:\\\/\\\/sjosupernova.pl\\\/#primaryimage\",\"url\":\"https:\\\/\\\/sjosupernova.pl\\\/wp-content\\\/uploads\\\/2020\\\/08\\\/cropped-cropped-cropped-Logotyp_Biale-1-1.png\",\"contentUrl\":\"https:\\\/\\\/sjosupernova.pl\\\/wp-content\\\/uploads\\\/2020\\\/08\\\/cropped-cropped-cropped-Logotyp_Biale-1-1.png\",\"width\":428,\"height\":236},{\"@type\":\"BreadcrumbList\",\"@id\":\"https:\\\/\\\/sjosupernova.pl\\\/#breadcrumb\",\"itemListElement\":[{\"@type\":\"ListItem\",\"position\":1,\"name\":\"Strona g\u0142\u00f3wna\",\"item\":\"https:\\\/\\\/sjosupernova.pl\\\/\"},{\"@type\":\"ListItem\",\"position\":2,\"name\":\"Supernova\"}]},{\"@type\":\"WebSite\",\"@id\":\"https:\\\/\\\/sjosupernova.pl\\\/#website\",\"url\":\"https:\\\/\\\/sjosupernova.pl\\\/\",\"name\":\"SUPERNOVA\",\"description\":\"studium j\u0119zyk\u00f3w obcych\",\"publisher\":{\"@id\":\"https:\\\/\\\/sjosupernova.pl\\\/#organization\"},\"potentialAction\":[{\"@type\":\"SearchAction\",\"target\":{\"@type\":\"EntryPoint\",\"urlTemplate\":\"https:\\\/\\\/sjosupernova.pl\\\/?s={search_term_string}\"},\"query-input\":{\"@type\":\"PropertyValueSpecification\",\"valueRequired\":true,\"valueName\":\"search_term_string\"}}],\"inLanguage\":\"pl-PL\"},{\"@type\":\"Organization\",\"@id\":\"https:\\\/\\\/sjosupernova.pl\\\/#organization\",\"name\":\"SUPERNOVA\",\"url\":\"https:\\\/\\\/sjosupernova.pl\\\/\",\"logo\":{\"@type\":\"ImageObject\",\"inLanguage\":\"pl-PL\",\"@id\":\"https:\\\/\\\/sjosupernova.pl\\\/#\\\/schema\\\/logo\\\/image\\\/\",\"url\":\"https:\\\/\\\/sjosupernova.pl\\\/wp-content\\\/uploads\\\/2020\\\/08\\\/cropped-cropped-cropped-cropped-Logotyp_Biale-1-1-1.png\",\"contentUrl\":\"https:\\\/\\\/sjosupernova.pl\\\/wp-content\\\/uploads\\\/2020\\\/08\\\/cropped-cropped-cropped-cropped-Logotyp_Biale-1-1-1.png\",\"width\":370,\"height\":209,\"caption\":\"SUPERNOVA\"},\"image\":{\"@id\":\"https:\\\/\\\/sjosupernova.pl\\\/#\\\/schema\\\/logo\\\/image\\\/\"}}]}<\/script>\n<!-- \/ Yoast SEO plugin. -->","yoast_head_json":{"title":"Supernova - SUPERNOVA","description":"angielski niemiecki hiszpa\u0144ski korepetycje szko\u0142a studium bartodzieje Bydgoszcz lekcje prywatne j\u0119zyk obcy studium j\u0119zykowe Supernova Studium J\u0119zyk\u00f3w obcych","robots":{"index":"index","follow":"follow","max-snippet":"max-snippet:-1","max-image-preview":"max-image-preview:large","max-video-preview":"max-video-preview:-1"},"canonical":"https:\/\/sjosupernova.pl\/","og_locale":"pl_PL","og_type":"article","og_title":"Supernova - SUPERNOVA","og_description":"angielski niemiecki hiszpa\u0144ski korepetycje szko\u0142a studium bartodzieje Bydgoszcz lekcje prywatne j\u0119zyk obcy studium j\u0119zykowe Supernova Studium J\u0119zyk\u00f3w obcych","og_url":"https:\/\/sjosupernova.pl\/","og_site_name":"SUPERNOVA","article_modified_time":"2025-08-26T18:13:40+00:00","og_image":[{"width":428,"height":236,"url":"https:\/\/sjosupernova.pl\/wp-content\/uploads\/2020\/08\/cropped-cropped-cropped-Logotyp_Biale-1-1.png","type":"image\/png"}],"twitter_card":"summary_large_image","twitter_misc":{"Szacowany czas czytania":"2 minuty"},"schema":{"@context":"https:\/\/schema.org","@graph":[{"@type":"WebPage","@id":"https:\/\/sjosupernova.pl\/","url":"https:\/\/sjosupernova.pl\/","name":"Supernova - SUPERNOVA","isPartOf":{"@id":"https:\/\/sjosupernova.pl\/#website"},"primaryImageOfPage":{"@id":"https:\/\/sjosupernova.pl\/#primaryimage"},"image":{"@id":"https:\/\/sjosupernova.pl\/#primaryimage"},"thumbnailUrl":"https:\/\/sjosupernova.pl\/wp-content\/uploads\/2020\/08\/cropped-cropped-cropped-Logotyp_Biale-1-1-300x165.png","datePublished":"2016-03-01T19:32:48+00:00","dateModified":"2025-08-26T18:13:40+00:00","description":"angielski niemiecki hiszpa\u0144ski korepetycje szko\u0142a studium bartodzieje Bydgoszcz lekcje prywatne j\u0119zyk obcy studium j\u0119zykowe Supernova Studium J\u0119zyk\u00f3w obcych","breadcrumb":{"@id":"https:\/\/sjosupernova.pl\/#breadcrumb"},"inLanguage":"pl-PL","potentialAction":[{"@type":"ReadAction","target":["https:\/\/sjosupernova.pl\/"]}]},{"@type":"ImageObject","inLanguage":"pl-PL","@id":"https:\/\/sjosupernova.pl\/#primaryimage","url":"https:\/\/sjosupernova.pl\/wp-content\/uploads\/2020\/08\/cropped-cropped-cropped-Logotyp_Biale-1-1.png","contentUrl":"https:\/\/sjosupernova.pl\/wp-content\/uploads\/2020\/08\/cropped-cropped-cropped-Logotyp_Biale-1-1.png","width":428,"height":236},{"@type":"BreadcrumbList","@id":"https:\/\/sjosupernova.pl\/#breadcrumb","itemListElement":[{"@type":"ListItem","position":1,"name":"Strona g\u0142\u00f3wna","item":"https:\/\/sjosupernova.pl\/"},{"@type":"ListItem","position":2,"name":"Supernova"}]},{"@type":"WebSite","@id":"https:\/\/sjosupernova.pl\/#website","url":"https:\/\/sjosupernova.pl\/","name":"SUPERNOVA","description":"studium j\u0119zyk\u00f3w obcych","publisher":{"@id":"https:\/\/sjosupernova.pl\/#organization"},"potentialAction":[{"@type":"SearchAction","target":{"@type":"EntryPoint","urlTemplate":"https:\/\/sjosupernova.pl\/?s={search_term_string}"},"query-input":{"@type":"PropertyValueSpecification","valueRequired":true,"valueName":"search_term_string"}}],"inLanguage":"pl-PL"},{"@type":"Organization","@id":"https:\/\/sjosupernova.pl\/#organization","name":"SUPERNOVA","url":"https:\/\/sjosupernova.pl\/","logo":{"@type":"ImageObject","inLanguage":"pl-PL","@id":"https:\/\/sjosupernova.pl\/#\/schema\/logo\/image\/","url":"https:\/\/sjosupernova.pl\/wp-content\/uploads\/2020\/08\/cropped-cropped-cropped-cropped-Logotyp_Biale-1-1-1.png","contentUrl":"https:\/\/sjosupernova.pl\/wp-content\/uploads\/2020\/08\/cropped-cropped-cropped-cropped-Logotyp_Biale-1-1-1.png","width":370,"height":209,"caption":"SUPERNOVA"},"image":{"@id":"https:\/\/sjosupernova.pl\/#\/schema\/logo\/image\/"}}]}},"_links":{"self":[{"href":"https:\/\/sjosupernova.pl\/index.php\/wp-json\/wp\/v2\/pages\/2","targetHints":{"allow":["GET"]}}],"collection":[{"href":"https:\/\/sjosupernova.pl\/index.php\/wp-json\/wp\/v2\/pages"}],"about":[{"href":"https:\/\/sjosupernova.pl\/index.php\/wp-json\/wp\/v2\/types\/page"}],"author":[{"embeddable":true,"href":"https:\/\/sjosupernova.pl\/index.php\/wp-json\/wp\/v2\/users\/1"}],"replies":[{"embeddable":true,"href":"https:\/\/sjosupernova.pl\/index.php\/wp-json\/wp\/v2\/comments?post=2"}],"version-history":[{"count":5,"href":"https:\/\/sjosupernova.pl\/index.php\/wp-json\/wp\/v2\/pages\/2\/revisions"}],"predecessor-version":[{"id":2573,"href":"https:\/\/sjosupernova.pl\/index.php\/wp-json\/wp\/v2\/pages\/2\/revisions\/2573"}],"wp:attachment":[{"href":"https:\/\/sjosupernova.pl\/index.php\/wp-json\/wp\/v2\/media?parent=2"}],"curies":[{"name":"wp","href":"https:\/\/api.w.org\/{rel}","templated":true}]}}