{"id":790,"date":"2016-03-19T21:58:11","date_gmt":"2016-03-19T20:58:11","guid":{"rendered":"http:\/\/sjosupernova.pl\/?page_id=790"},"modified":"2025-08-26T18:08:22","modified_gmt":"2025-08-26T16:08:22","slug":"nasi-lektorzy","status":"publish","type":"page","link":"https:\/\/sjosupernova.pl\/index.php\/o-nas\/nasi-lektorzy\/","title":{"rendered":"Nasi Lektorzy"},"content":{"rendered":"<p align=\"justify\"><img loading=\"lazy\" decoding=\"async\" class=\"aligncenter wp-image-2125 size-full\" src=\"http:\/\/sjosupernova.pl\/wp-content\/uploads\/2020\/08\/Logotyp_Biale-1-2-e1598556487617.png\" alt=\"\" width=\"150\" height=\"86\"><\/p>\n<p style=\"text-align: justify;\">&nbsp;<\/p>\n<table style=\"height: 1605px; width: 100%; border-collapse: collapse;\">\n<tbody>\n<tr style=\"height: 152px;\">\n<td style=\"width: 912.015625px; height: 152px;\" colspan=\"2\">\n<p style=\"text-align: justify;\"><span style=\"font-size: 16px; color: #000000;\"><span style=\"font-family: georgia,serif;\">Dobry nauczyciel to podstawa efektywnej nauki, \u017ar\u00f3d\u0142o inspiracji i motywacji. Nasz&nbsp; zesp\u00f3\u0142 tworz\u0105 profesjonalni, wykszta\u0142ceni kierunkowo (absolwenci filologii angielskiej lub germa\u0144skiej) i do\u015bwiadczeni lektorzy z pasj\u0105. Naszym nadrz\u0119dnym celem jest zapewnienie najwy\u017cszego poziomu nauczania w niepowtarzalnej, bardzo przyjaznej atmosferze. Ka\u017cdy z nas jest indywidualist\u0105 , ale \u0142\u0105czy nas to, \u017ce kochamy to, co robimy. Dzi\u0119ki temu&nbsp; tworzymy szko\u0142\u0119&nbsp; godn\u0105 zaufania i od 1998 roku nieustannie wspieramy naszych kursant\u00f3w w ich rozwoju j\u0119zykowym i pomagamy im osi\u0105ga\u0107 sukcesy.<\/span><\/span><\/p>\n<\/td>\n<\/tr>\n<tr style=\"height: 252px;\">\n<td style=\"width: 238.75px; height: 245px;\"><a href=\"https:\/\/sjosupernova.pl\/wp-content\/uploads\/2022\/08\/Ola-4.jpg\"><img loading=\"lazy\" decoding=\"async\" class=\"aligncenter wp-image-2357\" src=\"https:\/\/sjosupernova.pl\/wp-content\/uploads\/2022\/08\/Ola-4-292x300.jpg\" alt=\"\" width=\"243\" height=\"250\" srcset=\"https:\/\/sjosupernova.pl\/wp-content\/uploads\/2022\/08\/Ola-4-292x300.jpg 292w, https:\/\/sjosupernova.pl\/wp-content\/uploads\/2022\/08\/Ola-4-520x535.jpg 520w, https:\/\/sjosupernova.pl\/wp-content\/uploads\/2022\/08\/Ola-4.jpg 676w\" sizes=\"auto, (max-width: 243px) 100vw, 243px\" \/><\/a><\/td>\n<td style=\"width: 670.265625px; height: 245px;\">\n<p style=\"text-align: justify;\"><span style=\"font-size: 16px; color: #000000;\"><span style=\"font-family: georgia,serif;\"><strong>Ola<\/strong><\/span><\/span><\/p>\n<p style=\"text-align: justify;\"><span style=\"font-size: 16px; color: #000000;\"><span style=\"font-family: georgia,serif;\">W SJO Supernova jestem w\u0142a\u015bcicielk\u0105 i pe\u0142ni\u0119&nbsp; funkcj\u0119 dyrektorki,&nbsp; metodyczki oraz&nbsp; lektorki j\u0119zyka angielskiego. Tytu\u0142 mgr filologii angielskiej uzyska\u0142am na Uniwersytecie im. Adama Mickiewicza w Poznaniu.&nbsp; Ucz\u0119 od 1995 roku.&nbsp;<\/span><\/span><\/p>\n<\/td>\n<\/tr>\n<tr style=\"height: 242px;\">\n<td style=\"width: 238.75px; height: 242px;\"><span style=\"font-size: 16px; color: #000000;\"><span style=\"font-family: georgia,serif;\"><strong><a href=\"https:\/\/sjosupernova.pl\/wp-content\/uploads\/2022\/08\/Carlos-4.jpg\"><img loading=\"lazy\" decoding=\"async\" class=\"wp-image-2360 aligncenter\" src=\"https:\/\/sjosupernova.pl\/wp-content\/uploads\/2022\/08\/Carlos-4-300x295.jpg\" alt=\"\" width=\"242\" height=\"238\" srcset=\"https:\/\/sjosupernova.pl\/wp-content\/uploads\/2022\/08\/Carlos-4-300x295.jpg 300w, https:\/\/sjosupernova.pl\/wp-content\/uploads\/2022\/08\/Carlos-4-520x512.jpg 520w, https:\/\/sjosupernova.pl\/wp-content\/uploads\/2022\/08\/Carlos-4.jpg 615w\" sizes=\"auto, (max-width: 242px) 100vw, 242px\" \/><\/a><\/strong><\/span><\/span><\/td>\n<td style=\"width: 670.265625px; height: 242px;\">\n<p style=\"text-align: justify;\"><span style=\"font-size: 16px; color: #000000;\"><span style=\"font-family: georgia,serif;\"><strong>Carlos<\/strong><\/span><\/span><\/p>\n<p style=\"text-align: justify;\"><span style=\"font-size: 16px; color: #000000;\"><span style=\"font-family: georgia,serif;\">W SJO Supernova jestem lektorem j\u0119zyka angielskiego. Uko\u0144czy\u0142em filologi\u0119 angielsk\u0105 w Nauczycielskim Kolegium J\u0119zyk\u00f3w Obcych w Bydgoszczy. Ucz\u0119 od 2011 roku.&nbsp;&nbsp;&nbsp;&nbsp;&nbsp;&nbsp;&nbsp;<\/span><\/span><\/p>\n<\/td>\n<\/tr>\n<tr style=\"height: 285px;\">\n<td style=\"width: 238.75px; height: 285px; text-align: justify;\"><a href=\"https:\/\/sjosupernova.pl\/wp-content\/uploads\/2022\/08\/Iwona-4.jpg\"><img loading=\"lazy\" decoding=\"async\" class=\"wp-image-2358 aligncenter\" src=\"https:\/\/sjosupernova.pl\/wp-content\/uploads\/2022\/08\/Iwona-4-258x300.jpg\" alt=\"\" width=\"245\" height=\"285\" srcset=\"https:\/\/sjosupernova.pl\/wp-content\/uploads\/2022\/08\/Iwona-4-258x300.jpg 258w, https:\/\/sjosupernova.pl\/wp-content\/uploads\/2022\/08\/Iwona-4-520x605.jpg 520w, https:\/\/sjosupernova.pl\/wp-content\/uploads\/2022\/08\/Iwona-4.jpg 561w\" sizes=\"auto, (max-width: 245px) 100vw, 245px\" \/><\/a><\/td>\n<td style=\"width: 670.265625px; height: 285px;\">\n<p style=\"text-align: justify;\"><strong><span style=\"font-size: 16px; color: #000000;\"><span style=\"font-family: georgia,serif;\">Iwona<\/span><\/span><\/strong><\/p>\n<p style=\"text-align: justify;\"><span style=\"font-size: 16px; color: #000000;\"><span style=\"font-family: georgia,serif;\">W SJO Supernova jestem lektork\u0105 j\u0119zyka angielskiego. Uzyska\u0142am tytu\u0142 licencjata w zakresie filologii angielskiej w Wy\u017cszej Szkole Pedagogicznej w Bydgoszczy oraz tytu\u0142 mgr dydaktyki j\u0119zyk\u00f3w obcych w Wy\u017cszej Szkole Humanistycznej w Pu\u0142tusku. Ucz\u0119 od&nbsp; 2000&nbsp; roku.<\/span><\/span><\/p>\n<\/td>\n<\/tr>\n<tr style=\"height: 254px;\">\n<td style=\"width: 238.75px; height: 254px;\"><a href=\"https:\/\/sjosupernova.pl\/wp-content\/uploads\/2022\/08\/Agnieszka-4.jpg\"><img loading=\"lazy\" decoding=\"async\" class=\"wp-image-2359 aligncenter\" src=\"https:\/\/sjosupernova.pl\/wp-content\/uploads\/2022\/08\/Agnieszka-4-290x300.jpg\" alt=\"\" width=\"248\" height=\"256\" srcset=\"https:\/\/sjosupernova.pl\/wp-content\/uploads\/2022\/08\/Agnieszka-4-290x300.jpg 290w, https:\/\/sjosupernova.pl\/wp-content\/uploads\/2022\/08\/Agnieszka-4-520x538.jpg 520w, https:\/\/sjosupernova.pl\/wp-content\/uploads\/2022\/08\/Agnieszka-4.jpg 546w\" sizes=\"auto, (max-width: 248px) 100vw, 248px\" \/><\/a><\/td>\n<td style=\"width: 670.265625px; height: 254px;\"><span style=\"font-size: 16px; color: #000000;\"><span style=\"font-family: georgia,serif;\"><strong>Agnieszka<\/strong><\/span><\/span><\/p>\n<p style=\"text-align: justify;\"><span style=\"font-size: 16px; color: #000000;\"><span style=\"font-family: georgia,serif;\">W SJO Supernova jestem lektork\u0105 j\u0119zyka angielskiego. Tytu\u0142 mgr filologii angielskiej uzyska\u0142am na Uniwersytecie Kazimierza Wielkiego w Bydgoszczy. Ucz\u0119 od&nbsp; 2008&nbsp; roku.<strong>&nbsp;&nbsp;<\/strong><\/span><\/span><\/p>\n<\/td>\n<\/tr>\n<tr style=\"height: 200px;\">\n<td style=\"width: 238.75px; height: 200px;\"><span style=\"font-size: 16px; color: #000000;\"><span style=\"font-family: georgia,serif;\">&nbsp;<\/span><\/span><\/td>\n<td style=\"width: 670.265625px; height: 200px;\">\n<p style=\"text-align: justify;\"><span style=\"font-size: 16px; color: #000000;\"><span style=\"font-family: georgia,serif;\"><strong>Ewa<\/strong><\/span><\/span><\/p>\n<p style=\"text-align: justify;\"><span style=\"font-size: 16px; color: #000000;\"><span style=\"font-family: georgia,serif;\">W SJO Supernova jestem lektork\u0105 j\u0119zyka niemieckiego. Uko\u0144czy\u0142am filologi\u0119 germa\u0144sk\u0105 na Akademii Bydgoskiej. Ucz\u0119 od 2000 roku.<\/span><\/span><\/p>\n<p>&nbsp;<\/p>\n<p style=\"text-align: justify;\"><span style=\"font-size: 16px; color: #000000;\"><span style=\"font-family: georgia,serif;\"><strong>&nbsp;<\/strong><\/span><\/span><\/p>\n<\/td>\n<\/tr>\n<\/tbody>\n<\/table>\n<p>&nbsp;<\/p>\n<p style=\"font-weight: 400;\"><strong>&nbsp;&nbsp;&nbsp;&nbsp;&nbsp;&nbsp;&nbsp;&nbsp;&nbsp;&nbsp;&nbsp;&nbsp;&nbsp;&nbsp;&nbsp;&nbsp;&nbsp;&nbsp;&nbsp; &nbsp;&nbsp;&nbsp;&nbsp;&nbsp;&nbsp;&nbsp;&nbsp;&nbsp;&nbsp;&nbsp;&nbsp;&nbsp;&nbsp;&nbsp;&nbsp;&nbsp;&nbsp;&nbsp;&nbsp;&nbsp;&nbsp;&nbsp;&nbsp;&nbsp;&nbsp;&nbsp;&nbsp;&nbsp;&nbsp;&nbsp;&nbsp;&nbsp;&nbsp;&nbsp;&nbsp;&nbsp;&nbsp;&nbsp;&nbsp;&nbsp;&nbsp;&nbsp;&nbsp;&nbsp;&nbsp;&nbsp;&nbsp;&nbsp;&nbsp;&nbsp;&nbsp;&nbsp;&nbsp;&nbsp;&nbsp;&nbsp;&nbsp;&nbsp;&nbsp;&nbsp;&nbsp;&nbsp;&nbsp;&nbsp; &nbsp;&nbsp;&nbsp;&nbsp;&nbsp;&nbsp;&nbsp;&nbsp;&nbsp;&nbsp;&nbsp;&nbsp;&nbsp;&nbsp;&nbsp;&nbsp;&nbsp;&nbsp;&nbsp;&nbsp;&nbsp;&nbsp;&nbsp;&nbsp;&nbsp;&nbsp;&nbsp;&nbsp;&nbsp;&nbsp;&nbsp;&nbsp;&nbsp;&nbsp;&nbsp;&nbsp;&nbsp;&nbsp;&nbsp;&nbsp;&nbsp;&nbsp;&nbsp;&nbsp;&nbsp;&nbsp;&nbsp;&nbsp;&nbsp;&nbsp;&nbsp;&nbsp;&nbsp;&nbsp;&nbsp;&nbsp;&nbsp;&nbsp;&nbsp;&nbsp;&nbsp; &nbsp;&nbsp;&nbsp;&nbsp;&nbsp;&nbsp;&nbsp;&nbsp;&nbsp;&nbsp;&nbsp;&nbsp;&nbsp;&nbsp;&nbsp;&nbsp;&nbsp; <\/strong><\/p>\n<p>&nbsp;&nbsp;&nbsp;<\/p>\n<p style=\"text-align: justify;\">&nbsp;<\/p>\n<p>&nbsp;<\/p>\n<p style=\"text-align: justify;\">&nbsp;<\/p>\n<p style=\"text-align: justify;\"><span style=\"font-size: 16px; color: #000000;\"><span style=\"font-family: georgia,serif;\"><strong>&nbsp;<\/strong><\/span><\/span><\/p>\n<p style=\"text-align: justify;\">&nbsp;<\/p>\n<p style=\"text-align: justify;\"><span style=\"font-size: 16px; color: #000000;\"><span style=\"font-family: georgia,serif;\">&nbsp;&nbsp;&nbsp;&nbsp;&nbsp;&nbsp;&nbsp;&nbsp;&nbsp;&nbsp;&nbsp;&nbsp;&nbsp;&nbsp;&nbsp;&nbsp;&nbsp;&nbsp;&nbsp;&nbsp;&nbsp;&nbsp;&nbsp;&nbsp;&nbsp;&nbsp;&nbsp;&nbsp;&nbsp;&nbsp;&nbsp;&nbsp;&nbsp;&nbsp;&nbsp;&nbsp;&nbsp;&nbsp;&nbsp;&nbsp;&nbsp;&nbsp;&nbsp;&nbsp;&nbsp;&nbsp;<\/span><\/span><\/p>\n<p style=\"text-align: justify;\">&nbsp;<\/p>\n<p style=\"font-weight: 400;\"><strong>&nbsp;<\/strong><\/p>\n<p style=\"text-align: justify;\">&nbsp;<\/p>\n<p>&nbsp;<\/p>\n<p style=\"text-align: justify;\">&nbsp;<\/p>\n<p style=\"text-align: justify;\"><span style=\"font-size: 16px; color: #000000;\"><span style=\"font-family: georgia,serif;\"><strong>&nbsp;&nbsp;&nbsp;&nbsp;&nbsp;&nbsp;&nbsp;&nbsp;&nbsp;&nbsp;&nbsp;&nbsp;&nbsp;&nbsp;&nbsp;&nbsp;&nbsp;&nbsp;&nbsp;&nbsp;&nbsp;&nbsp;&nbsp;&nbsp;&nbsp;&nbsp;&nbsp;&nbsp;&nbsp;&nbsp;&nbsp;&nbsp;&nbsp;&nbsp;&nbsp;&nbsp;&nbsp;&nbsp;&nbsp;&nbsp;&nbsp;&nbsp;&nbsp;&nbsp; <\/strong><\/span><\/span><\/p>\n<p>&nbsp;<\/p>\n<p style=\"text-align: justify;\">&nbsp;<\/p>\n<p style=\"font-weight: 400;\"><strong>&nbsp;<\/strong><\/p>\n<p align=\"justify\">&nbsp;<\/p>\n","protected":false},"excerpt":{"rendered":"<p>&nbsp; Dobry nauczyciel to podstawa efektywnej nauki, \u017ar\u00f3d\u0142o inspiracji i motywacji. Nasz&nbsp; zesp\u00f3\u0142 tworz\u0105 profesjonalni, wykszta\u0142ceni kierunkowo (absolwenci filologii angielskiej lub germa\u0144skiej) i do\u015bwiadczeni lektorzy z pasj\u0105. Naszym nadrz\u0119dnym celem jest zapewnienie najwy\u017cszego poziomu nauczania w niepowtarzalnej, bardzo przyjaznej atmosferze. Ka\u017cdy z nas jest indywidualist\u0105 , ale \u0142\u0105czy nas to, \u017ce kochamy to, co robimy.<\/p>\n<div class=\"more-link\">\n             <a href=\"https:\/\/sjosupernova.pl\/index.php\/o-nas\/nasi-lektorzy\/\" class=\"theme-btn\"><span>Czytaj dalej <\/span><i class=\"bi bi-arrow-right\"><\/i><\/a>\n        <\/div>\n","protected":false},"author":1,"featured_media":0,"parent":13,"menu_order":0,"comment_status":"closed","ping_status":"closed","template":"","meta":{"ngg_post_thumbnail":0,"footnotes":""},"class_list":["post-790","page","type-page","status-publish","hentry"],"yoast_head":"<!-- This site is optimized with the Yoast SEO plugin v27.4 - https:\/\/yoast.com\/product\/yoast-seo-wordpress\/ -->\n<title>Nasi Lektorzy - SUPERNOVA<\/title>\n<meta name=\"robots\" content=\"index, follow, max-snippet:-1, max-image-preview:large, max-video-preview:-1\" \/>\n<link rel=\"canonical\" href=\"https:\/\/sjosupernova.pl\/index.php\/o-nas\/nasi-lektorzy\/\" \/>\n<meta property=\"og:locale\" content=\"pl_PL\" \/>\n<meta property=\"og:type\" content=\"article\" \/>\n<meta property=\"og:title\" content=\"Nasi Lektorzy - SUPERNOVA\" \/>\n<meta property=\"og:description\" content=\"&nbsp; Dobry nauczyciel to podstawa efektywnej nauki, \u017ar\u00f3d\u0142o inspiracji i motywacji. Nasz&nbsp; zesp\u00f3\u0142 tworz\u0105 profesjonalni, wykszta\u0142ceni kierunkowo (absolwenci filologii angielskiej lub germa\u0144skiej) i do\u015bwiadczeni lektorzy z pasj\u0105. Naszym nadrz\u0119dnym celem jest zapewnienie najwy\u017cszego poziomu nauczania w niepowtarzalnej, bardzo przyjaznej atmosferze. Ka\u017cdy z nas jest indywidualist\u0105 , ale \u0142\u0105czy nas to, \u017ce kochamy to, co robimy.        Czytaj dalej\" \/>\n<meta property=\"og:url\" content=\"https:\/\/sjosupernova.pl\/index.php\/o-nas\/nasi-lektorzy\/\" \/>\n<meta property=\"og:site_name\" content=\"SUPERNOVA\" \/>\n<meta property=\"article:modified_time\" content=\"2025-08-26T16:08:22+00:00\" \/>\n<meta property=\"og:image\" content=\"https:\/\/sjosupernova.pl\/wp-content\/uploads\/2020\/08\/Logotyp_Biale-1-2-e1598556487617.png\" \/>\n\t<meta property=\"og:image:width\" content=\"150\" \/>\n\t<meta property=\"og:image:height\" content=\"86\" \/>\n\t<meta property=\"og:image:type\" content=\"image\/png\" \/>\n<meta name=\"twitter:card\" content=\"summary_large_image\" \/>\n<meta name=\"twitter:label1\" content=\"Szacowany czas czytania\" \/>\n\t<meta name=\"twitter:data1\" content=\"3 minuty\" \/>\n<script type=\"application\/ld+json\" class=\"yoast-schema-graph\">{\"@context\":\"https:\\\/\\\/schema.org\",\"@graph\":[{\"@type\":\"WebPage\",\"@id\":\"https:\\\/\\\/sjosupernova.pl\\\/index.php\\\/o-nas\\\/nasi-lektorzy\\\/\",\"url\":\"https:\\\/\\\/sjosupernova.pl\\\/index.php\\\/o-nas\\\/nasi-lektorzy\\\/\",\"name\":\"Nasi Lektorzy - SUPERNOVA\",\"isPartOf\":{\"@id\":\"https:\\\/\\\/sjosupernova.pl\\\/#website\"},\"primaryImageOfPage\":{\"@id\":\"https:\\\/\\\/sjosupernova.pl\\\/index.php\\\/o-nas\\\/nasi-lektorzy\\\/#primaryimage\"},\"image\":{\"@id\":\"https:\\\/\\\/sjosupernova.pl\\\/index.php\\\/o-nas\\\/nasi-lektorzy\\\/#primaryimage\"},\"thumbnailUrl\":\"http:\\\/\\\/sjosupernova.pl\\\/wp-content\\\/uploads\\\/2020\\\/08\\\/Logotyp_Biale-1-2-e1598556487617.png\",\"datePublished\":\"2016-03-19T20:58:11+00:00\",\"dateModified\":\"2025-08-26T16:08:22+00:00\",\"breadcrumb\":{\"@id\":\"https:\\\/\\\/sjosupernova.pl\\\/index.php\\\/o-nas\\\/nasi-lektorzy\\\/#breadcrumb\"},\"inLanguage\":\"pl-PL\",\"potentialAction\":[{\"@type\":\"ReadAction\",\"target\":[\"https:\\\/\\\/sjosupernova.pl\\\/index.php\\\/o-nas\\\/nasi-lektorzy\\\/\"]}]},{\"@type\":\"ImageObject\",\"inLanguage\":\"pl-PL\",\"@id\":\"https:\\\/\\\/sjosupernova.pl\\\/index.php\\\/o-nas\\\/nasi-lektorzy\\\/#primaryimage\",\"url\":\"http:\\\/\\\/sjosupernova.pl\\\/wp-content\\\/uploads\\\/2020\\\/08\\\/Logotyp_Biale-1-2-e1598556487617.png\",\"contentUrl\":\"http:\\\/\\\/sjosupernova.pl\\\/wp-content\\\/uploads\\\/2020\\\/08\\\/Logotyp_Biale-1-2-e1598556487617.png\"},{\"@type\":\"BreadcrumbList\",\"@id\":\"https:\\\/\\\/sjosupernova.pl\\\/index.php\\\/o-nas\\\/nasi-lektorzy\\\/#breadcrumb\",\"itemListElement\":[{\"@type\":\"ListItem\",\"position\":1,\"name\":\"Strona g\u0142\u00f3wna\",\"item\":\"https:\\\/\\\/sjosupernova.pl\\\/\"},{\"@type\":\"ListItem\",\"position\":2,\"name\":\"O Nas\",\"item\":\"https:\\\/\\\/sjosupernova.pl\\\/index.php\\\/o-nas\\\/\"},{\"@type\":\"ListItem\",\"position\":3,\"name\":\"Nasi Lektorzy\"}]},{\"@type\":\"WebSite\",\"@id\":\"https:\\\/\\\/sjosupernova.pl\\\/#website\",\"url\":\"https:\\\/\\\/sjosupernova.pl\\\/\",\"name\":\"SUPERNOVA\",\"description\":\"studium j\u0119zyk\u00f3w obcych\",\"publisher\":{\"@id\":\"https:\\\/\\\/sjosupernova.pl\\\/#organization\"},\"potentialAction\":[{\"@type\":\"SearchAction\",\"target\":{\"@type\":\"EntryPoint\",\"urlTemplate\":\"https:\\\/\\\/sjosupernova.pl\\\/?s={search_term_string}\"},\"query-input\":{\"@type\":\"PropertyValueSpecification\",\"valueRequired\":true,\"valueName\":\"search_term_string\"}}],\"inLanguage\":\"pl-PL\"},{\"@type\":\"Organization\",\"@id\":\"https:\\\/\\\/sjosupernova.pl\\\/#organization\",\"name\":\"SUPERNOVA\",\"url\":\"https:\\\/\\\/sjosupernova.pl\\\/\",\"logo\":{\"@type\":\"ImageObject\",\"inLanguage\":\"pl-PL\",\"@id\":\"https:\\\/\\\/sjosupernova.pl\\\/#\\\/schema\\\/logo\\\/image\\\/\",\"url\":\"https:\\\/\\\/sjosupernova.pl\\\/wp-content\\\/uploads\\\/2020\\\/08\\\/cropped-cropped-cropped-cropped-Logotyp_Biale-1-1-1.png\",\"contentUrl\":\"https:\\\/\\\/sjosupernova.pl\\\/wp-content\\\/uploads\\\/2020\\\/08\\\/cropped-cropped-cropped-cropped-Logotyp_Biale-1-1-1.png\",\"width\":370,\"height\":209,\"caption\":\"SUPERNOVA\"},\"image\":{\"@id\":\"https:\\\/\\\/sjosupernova.pl\\\/#\\\/schema\\\/logo\\\/image\\\/\"}}]}<\/script>\n<!-- \/ Yoast SEO plugin. -->","yoast_head_json":{"title":"Nasi Lektorzy - SUPERNOVA","robots":{"index":"index","follow":"follow","max-snippet":"max-snippet:-1","max-image-preview":"max-image-preview:large","max-video-preview":"max-video-preview:-1"},"canonical":"https:\/\/sjosupernova.pl\/index.php\/o-nas\/nasi-lektorzy\/","og_locale":"pl_PL","og_type":"article","og_title":"Nasi Lektorzy - SUPERNOVA","og_description":"&nbsp; Dobry nauczyciel to podstawa efektywnej nauki, \u017ar\u00f3d\u0142o inspiracji i motywacji. Nasz&nbsp; zesp\u00f3\u0142 tworz\u0105 profesjonalni, wykszta\u0142ceni kierunkowo (absolwenci filologii angielskiej lub germa\u0144skiej) i do\u015bwiadczeni lektorzy z pasj\u0105. Naszym nadrz\u0119dnym celem jest zapewnienie najwy\u017cszego poziomu nauczania w niepowtarzalnej, bardzo przyjaznej atmosferze. Ka\u017cdy z nas jest indywidualist\u0105 , ale \u0142\u0105czy nas to, \u017ce kochamy to, co robimy.        Czytaj dalej","og_url":"https:\/\/sjosupernova.pl\/index.php\/o-nas\/nasi-lektorzy\/","og_site_name":"SUPERNOVA","article_modified_time":"2025-08-26T16:08:22+00:00","og_image":[{"width":150,"height":86,"url":"https:\/\/sjosupernova.pl\/wp-content\/uploads\/2020\/08\/Logotyp_Biale-1-2-e1598556487617.png","type":"image\/png"}],"twitter_card":"summary_large_image","twitter_misc":{"Szacowany czas czytania":"3 minuty"},"schema":{"@context":"https:\/\/schema.org","@graph":[{"@type":"WebPage","@id":"https:\/\/sjosupernova.pl\/index.php\/o-nas\/nasi-lektorzy\/","url":"https:\/\/sjosupernova.pl\/index.php\/o-nas\/nasi-lektorzy\/","name":"Nasi Lektorzy - SUPERNOVA","isPartOf":{"@id":"https:\/\/sjosupernova.pl\/#website"},"primaryImageOfPage":{"@id":"https:\/\/sjosupernova.pl\/index.php\/o-nas\/nasi-lektorzy\/#primaryimage"},"image":{"@id":"https:\/\/sjosupernova.pl\/index.php\/o-nas\/nasi-lektorzy\/#primaryimage"},"thumbnailUrl":"http:\/\/sjosupernova.pl\/wp-content\/uploads\/2020\/08\/Logotyp_Biale-1-2-e1598556487617.png","datePublished":"2016-03-19T20:58:11+00:00","dateModified":"2025-08-26T16:08:22+00:00","breadcrumb":{"@id":"https:\/\/sjosupernova.pl\/index.php\/o-nas\/nasi-lektorzy\/#breadcrumb"},"inLanguage":"pl-PL","potentialAction":[{"@type":"ReadAction","target":["https:\/\/sjosupernova.pl\/index.php\/o-nas\/nasi-lektorzy\/"]}]},{"@type":"ImageObject","inLanguage":"pl-PL","@id":"https:\/\/sjosupernova.pl\/index.php\/o-nas\/nasi-lektorzy\/#primaryimage","url":"http:\/\/sjosupernova.pl\/wp-content\/uploads\/2020\/08\/Logotyp_Biale-1-2-e1598556487617.png","contentUrl":"http:\/\/sjosupernova.pl\/wp-content\/uploads\/2020\/08\/Logotyp_Biale-1-2-e1598556487617.png"},{"@type":"BreadcrumbList","@id":"https:\/\/sjosupernova.pl\/index.php\/o-nas\/nasi-lektorzy\/#breadcrumb","itemListElement":[{"@type":"ListItem","position":1,"name":"Strona g\u0142\u00f3wna","item":"https:\/\/sjosupernova.pl\/"},{"@type":"ListItem","position":2,"name":"O Nas","item":"https:\/\/sjosupernova.pl\/index.php\/o-nas\/"},{"@type":"ListItem","position":3,"name":"Nasi Lektorzy"}]},{"@type":"WebSite","@id":"https:\/\/sjosupernova.pl\/#website","url":"https:\/\/sjosupernova.pl\/","name":"SUPERNOVA","description":"studium j\u0119zyk\u00f3w obcych","publisher":{"@id":"https:\/\/sjosupernova.pl\/#organization"},"potentialAction":[{"@type":"SearchAction","target":{"@type":"EntryPoint","urlTemplate":"https:\/\/sjosupernova.pl\/?s={search_term_string}"},"query-input":{"@type":"PropertyValueSpecification","valueRequired":true,"valueName":"search_term_string"}}],"inLanguage":"pl-PL"},{"@type":"Organization","@id":"https:\/\/sjosupernova.pl\/#organization","name":"SUPERNOVA","url":"https:\/\/sjosupernova.pl\/","logo":{"@type":"ImageObject","inLanguage":"pl-PL","@id":"https:\/\/sjosupernova.pl\/#\/schema\/logo\/image\/","url":"https:\/\/sjosupernova.pl\/wp-content\/uploads\/2020\/08\/cropped-cropped-cropped-cropped-Logotyp_Biale-1-1-1.png","contentUrl":"https:\/\/sjosupernova.pl\/wp-content\/uploads\/2020\/08\/cropped-cropped-cropped-cropped-Logotyp_Biale-1-1-1.png","width":370,"height":209,"caption":"SUPERNOVA"},"image":{"@id":"https:\/\/sjosupernova.pl\/#\/schema\/logo\/image\/"}}]}},"_links":{"self":[{"href":"https:\/\/sjosupernova.pl\/index.php\/wp-json\/wp\/v2\/pages\/790","targetHints":{"allow":["GET"]}}],"collection":[{"href":"https:\/\/sjosupernova.pl\/index.php\/wp-json\/wp\/v2\/pages"}],"about":[{"href":"https:\/\/sjosupernova.pl\/index.php\/wp-json\/wp\/v2\/types\/page"}],"author":[{"embeddable":true,"href":"https:\/\/sjosupernova.pl\/index.php\/wp-json\/wp\/v2\/users\/1"}],"replies":[{"embeddable":true,"href":"https:\/\/sjosupernova.pl\/index.php\/wp-json\/wp\/v2\/comments?post=790"}],"version-history":[{"count":0,"href":"https:\/\/sjosupernova.pl\/index.php\/wp-json\/wp\/v2\/pages\/790\/revisions"}],"up":[{"embeddable":true,"href":"https:\/\/sjosupernova.pl\/index.php\/wp-json\/wp\/v2\/pages\/13"}],"wp:attachment":[{"href":"https:\/\/sjosupernova.pl\/index.php\/wp-json\/wp\/v2\/media?parent=790"}],"curies":[{"name":"wp","href":"https:\/\/api.w.org\/{rel}","templated":true}]}}